{"id":101,"date":"2023-08-26T19:31:28","date_gmt":"2023-08-26T19:31:28","guid":{"rendered":"https:\/\/spielenohneeinzahlung.de\/?page_id=101"},"modified":"2023-09-03T20:00:21","modified_gmt":"2023-09-03T20:00:21","slug":"casino-50-euro-bonus-ohne-einzahlung","status":"publish","type":"page","link":"https:\/\/spielenohneeinzahlung.de\/fr\/casino-50-euro-bonus-ohne-einzahlung\/","title":{"rendered":"Casino 50 euros de bonus sans d\u00e9p\u00f4t : le meilleur casino sans d\u00e9p\u00f4t"},"content":{"rendered":"<div data-elementor-type=\"wp-page\" data-elementor-id=\"101\" class=\"elementor elementor-101\" data-elementor-post-type=\"page\">\n\t\t\t\t\t\t<section class=\"elementor-section elementor-top-section elementor-element elementor-element-3474906 elementor-section-boxed elementor-section-height-default elementor-section-height-default\" data-id=\"3474906\" data-element_type=\"section\">\n\t\t\t\t\t\t<div class=\"elementor-container elementor-column-gap-default\">\n\t\t\t\t\t<div class=\"elementor-column elementor-col-100 elementor-top-column elementor-element elementor-element-ee1884e\" data-id=\"ee1884e\" data-element_type=\"column\">\n\t\t\t<div class=\"elementor-widget-wrap elementor-element-populated\">\n\t\t\t\t\t\t<div class=\"elementor-element elementor-element-49aa5d0 elementor-widget elementor-widget-text-editor\" data-id=\"49aa5d0\" data-element_type=\"widget\" data-widget_type=\"text-editor.default\">\n\t\t\t\t<div class=\"elementor-widget-container\">\n\t\t\t\t\t\t\t\t\t<p>Pouvez-vous imaginer obtenir une r\u00e9compense gratuite sans magasin dans un club de jeu en Allemagne\u00a0? De ce fait, si vous compl\u00e9tez toutes vos coordonn\u00e9es, vous recevrez un bonus casino sans d\u00e9p\u00f4t de 50 euros qui vous permettra de jouer \u00e0 n&#039;importe lequel de nos jeux du club depuis n&#039;importe quel appareil : PC, polyvalent ou tablette.<\/p><h2 class=\"SxMNj2-zZqR\">Casino 50 euros de bonus sans d\u00e9p\u00f4t\u00a0: bonus sans d\u00e9p\u00f4t pour les ouvertures<\/h2>\t\t\t\t\t\t\t\t<\/div>\n\t\t\t\t<\/div>\n\t\t\t\t\t<\/div>\n\t\t<\/div>\n\t\t\t\t\t<\/div>\n\t\t<\/section>\n\t\t\t\t<section class=\"elementor-section elementor-top-section elementor-element elementor-element-1f1270e elementor-section-boxed elementor-section-height-default elementor-section-height-default\" data-id=\"1f1270e\" data-element_type=\"section\">\n\t\t\t\t\t\t<div class=\"elementor-container elementor-column-gap-default\">\n\t\t\t\t\t<div class=\"elementor-column elementor-col-33 elementor-top-column elementor-element elementor-element-d5a38b4\" data-id=\"d5a38b4\" data-element_type=\"column\">\n\t\t\t<div class=\"elementor-widget-wrap elementor-element-populated\">\n\t\t\t\t\t\t<div class=\"elementor-element elementor-element-8197aca elementor-widget elementor-widget-image\" data-id=\"8197aca\" data-element_type=\"widget\" data-widget_type=\"image.default\">\n\t\t\t\t<div class=\"elementor-widget-container\">\n\t\t\t\t\t\t\t\t\t\t\t\t\t\t\t<img fetchpriority=\"high\" decoding=\"async\" width=\"446\" height=\"260\" src=\"https:\/\/spielenohneeinzahlung.de\/wp-content\/uploads\/2023\/08\/img_cont_05-5-euro-bonus-ohne-einzahlung.jpg.webp\" class=\"attachment-large size-large wp-image-86\" alt=\"\" srcset=\"https:\/\/spielenohneeinzahlung.de\/wp-content\/uploads\/2023\/08\/img_cont_05-5-euro-bonus-ohne-einzahlung.jpg.webp 446w, https:\/\/spielenohneeinzahlung.de\/wp-content\/uploads\/2023\/08\/img_cont_05-5-euro-bonus-ohne-einzahlung.jpg-300x175.webp 300w\" sizes=\"(max-width: 446px) 100vw, 446px\" \/>\t\t\t\t\t\t\t\t\t\t\t\t\t\t\t<\/div>\n\t\t\t\t<\/div>\n\t\t\t\t\t<\/div>\n\t\t<\/div>\n\t\t\t\t<div class=\"elementor-column elementor-col-66 elementor-top-column elementor-element elementor-element-0e753ae\" data-id=\"0e753ae\" data-element_type=\"column\">\n\t\t\t<div class=\"elementor-widget-wrap elementor-element-populated\">\n\t\t\t\t\t\t<div class=\"elementor-element elementor-element-3111fce elementor-widget elementor-widget-text-editor\" data-id=\"3111fce\" data-element_type=\"widget\" data-widget_type=\"text-editor.default\">\n\t\t\t\t<div class=\"elementor-widget-container\">\n\t\t\t\t\t\t\t\t\t<p>Lorsque vous obtenez votre r\u00e9compense gratuite sans frais, vous pouvez profiter d&#039;une \u00e9norme liste d&#039;ouvertures en ligne.<\/p><p>Par exemple, vous pouvez commencer avec les 50 tours gratuits sur Starburst que nous vous proposons pour les plus de 800 ouvertures en ligne dans notre superbe club de jeu, puis continuer pour trouver les plus de 800 ouvertures en ligne.<\/p>\t\t\t\t\t\t\t\t<\/div>\n\t\t\t\t<\/div>\n\t\t\t\t\t<\/div>\n\t\t<\/div>\n\t\t\t\t\t<\/div>\n\t\t<\/section>\n\t\t\t\t<section class=\"elementor-section elementor-top-section elementor-element elementor-element-7122cf3 elementor-section-boxed elementor-section-height-default elementor-section-height-default\" data-id=\"7122cf3\" data-element_type=\"section\">\n\t\t\t\t\t\t<div class=\"elementor-container elementor-column-gap-default\">\n\t\t\t\t\t<div class=\"elementor-column elementor-col-100 elementor-top-column elementor-element elementor-element-50f1f82\" data-id=\"50f1f82\" data-element_type=\"column\">\n\t\t\t<div class=\"elementor-widget-wrap elementor-element-populated\">\n\t\t\t\t\t\t<div class=\"elementor-element elementor-element-27984f9 elementor-widget elementor-widget-text-editor\" data-id=\"27984f9\" data-element_type=\"widget\" data-widget_type=\"text-editor.default\">\n\t\t\t\t<div class=\"elementor-widget-container\">\n\t\t\t\t\t\t\t\t\t<h2 class=\"SxMNj2-zZqR\">Casino Cinquante Euros Bonus Sans D\u00e9p\u00f4t\u00a0: Jouez \u00e0 la Roulette Avec R\u00e9compense Sans D\u00e9p\u00f4t<\/h2><p>Avec ce Casino Fifty Euro No Deposit Bonus nous vous permettons de parier \u00e0 la roulette dans l&#039;une des modalit\u00e9s que nous proposons : roulette en ligne, roulette en direct ou roulette \u00e9lectronique.<\/p>\t\t\t\t\t\t\t\t<\/div>\n\t\t\t\t<\/div>\n\t\t\t\t<div class=\"elementor-element elementor-element-11fc830 elementor-widget elementor-widget-text-editor\" data-id=\"11fc830\" data-element_type=\"widget\" data-widget_type=\"text-editor.default\">\n\t\t\t\t<div class=\"elementor-widget-container\">\n\t\t\t\t\t\t\t\t\t<h2 class=\"SxMNj2-zZqR\">Casino Bonus 50 Euros : Bonus Sans Boutique En Plus Pour Le Poker<\/h2><div class=\"L_7cEKn3PvFT btBoSlofR-9 dxrCE\"><div id=\"collapse-61e4cb5dc57d9\" class=\"X4tiQrUvyHg collapse in\" aria-expanded=\"true\"><div class=\"q7NLA95Mp-g\"><p>La r\u00e9compense no-shop est \u00e9galement disponible pour vous permettre de jouer au poker sur nos machines de vid\u00e9o poker. Actuellement, vous pouvez pratiquer vos strat\u00e9gies sans perdre d\u2019argent r\u00e9el. Nous proposons \u00e9galement une large gamme de jeux de vid\u00e9o poker, quel que soit votre mode pr\u00e9f\u00e9r\u00e9, nous l&#039;avons.<\/p><p>Pour faire simple : choisissez votre jeu n\u00b01 et profitez au maximum de votre r\u00e9compense que vous recevez rien que pour votre participation : Blackjack, Baccarat, Inscription, obtenez votre Bonus Casino de 50 Euros et bonne chance !<\/p><\/div><\/div><\/div>\t\t\t\t\t\t\t\t<\/div>\n\t\t\t\t<\/div>\n\t\t\t\t<div class=\"elementor-element elementor-element-d804444 elementor-widget elementor-widget-text-editor\" data-id=\"d804444\" data-element_type=\"widget\" data-widget_type=\"text-editor.default\">\n\t\t\t\t<div class=\"elementor-widget-container\">\n\t\t\t\t\t\t\t\t\t<h2 class=\"SxMNj2-zZqR\">Casino 50 euros sans d\u00e9p\u00f4t : types de r\u00e9compenses pour les clubs de jeux<\/h2><div class=\"L_7cEKn3PvFT btBoSlofR-9 dxrCE\"><div id=\"collapse-61e4cb5dc59c8\" class=\"X4tiQrUvyHg collapse in\" aria-expanded=\"true\"><div class=\"q7NLA95Mp-g\"><p>Besoin d\u2019une autre r\u00e9compense gratuite d\u2019un club de jeu\u00a0? Dans notre club de jeu, nous avons des r\u00e9compenses de club de jeu distinctives pour augmenter vos r\u00e9compenses, vous ne les connaissez pas encore ? Vous pouvez obtenir une r\u00e9compense fascinante pour votre anniversaire ou avoir une place dans le club VIP.<\/p><p>De plus, nous avons diverses opportunit\u00e9s de promotions temporairement accessibles, visitez notre section r\u00e9compenses et ne manquez aucune de nos promotions.<\/p><p>En utilisant le Spielclub-Summe Casino 50 euros sans d\u00e9p\u00f4t, le client d\u00e9clare conna\u00eetre et accepter express\u00e9ment les conditions de r\u00e9compenses et les conditions d&#039;utilisation de notre site internet.<\/p><p>Lorsque le nombre de paris de base est atteint, les plus grosses r\u00e9compenses provenant de l&#039;utilisation du bonus d&#039;inscription et des tours gratuits sont limit\u00e9es \u00e0 une limite de $50, avec peu d&#039;attention accord\u00e9e au montant gagn\u00e9 par le joueur.<\/p><\/div><\/div><\/div>\t\t\t\t\t\t\t\t<\/div>\n\t\t\t\t<\/div>\n\t\t\t\t\t<\/div>\n\t\t<\/div>\n\t\t\t\t\t<\/div>\n\t\t<\/section>\n\t\t\t\t<\/div>","protected":false},"excerpt":{"rendered":"<p>Pouvez-vous imaginer obtenir une r\u00e9compense gratuite sans magasin dans un club de jeu en Allemagne\u00a0? De ce fait, si vous compl\u00e9tez toutes vos coordonn\u00e9es, vous recevrez un bonus casino sans d\u00e9p\u00f4t de 50 euros qui vous permettra de jouer \u00e0 n&#039;importe lequel de nos jeux du club depuis n&#039;importe quel appareil : PC, polyvalent ou tablette. Casino 50 euros de bonus sans [\u2026]<\/p>","protected":false},"author":1,"featured_media":0,"parent":0,"menu_order":0,"comment_status":"closed","ping_status":"closed","template":"","meta":{"footnotes":""},"class_list":["post-101","page","type-page","status-publish","hentry"],"yoast_head":"<!-- This site is optimized with the Yoast SEO plugin v26.8 - https:\/\/yoast.com\/product\/yoast-seo-wordpress\/ -->\n<title>Casino 50 Euro Bonus Ohne Einzahlung: Das Beste Casino Ohne Einzahlung - Spielenohneeinzahlung.de<\/title>\n<meta name=\"robots\" content=\"index, follow, max-snippet:-1, max-image-preview:large, max-video-preview:-1\" \/>\n<link rel=\"canonical\" href=\"https:\/\/spielenohneeinzahlung.de\/fr\/casino-50-euro-bonus-ohne-einzahlung\/\" \/>\n<meta property=\"og:locale\" content=\"fr_FR\" \/>\n<meta property=\"og:type\" content=\"article\" \/>\n<meta property=\"og:title\" content=\"Casino 50 Euro Bonus Ohne Einzahlung: Das Beste Casino Ohne Einzahlung - Spielenohneeinzahlung.de\" \/>\n<meta property=\"og:description\" content=\"K\u00f6nnten Sie sich vorstellen, eine kostenlose Belohnung ohne einen Laden in einem Gl\u00fccksspielklub in Deutschland zu bekommen? Wenn Sie alle Ihre Feinheiten ausf\u00fcllen, erhalten Sie folglich eine Casino 50 Euro Bonus ohne Einzahlung, mit der Sie jedes unserer Clubspiele von jedem beliebigen Ger\u00e4t aus spielen k\u00f6nnen: PC, vielseitig oder Tablet. Casino 50 Euro Bonus Ohne [&hellip;]\" \/>\n<meta property=\"og:url\" content=\"https:\/\/spielenohneeinzahlung.de\/fr\/casino-50-euro-bonus-ohne-einzahlung\/\" \/>\n<meta property=\"og:site_name\" content=\"Spielenohneeinzahlung.de\" \/>\n<meta property=\"article:modified_time\" content=\"2023-09-03T20:00:21+00:00\" \/>\n<meta property=\"og:image\" content=\"https:\/\/spielenohneeinzahlung.de\/wp-content\/uploads\/2023\/08\/img_cont_05-5-euro-bonus-ohne-einzahlung.jpg.webp\" \/>\n<meta name=\"twitter:card\" content=\"summary_large_image\" \/>\n<meta name=\"twitter:label1\" content=\"Dur\u00e9e de lecture estim\u00e9e\" \/>\n\t<meta name=\"twitter:data1\" content=\"2 minutes\" \/>\n<script type=\"application\/ld+json\" class=\"yoast-schema-graph\">{\"@context\":\"https:\/\/schema.org\",\"@graph\":[{\"@type\":\"WebPage\",\"@id\":\"https:\/\/spielenohneeinzahlung.de\/casino-50-euro-bonus-ohne-einzahlung\/\",\"url\":\"https:\/\/spielenohneeinzahlung.de\/casino-50-euro-bonus-ohne-einzahlung\/\",\"name\":\"Casino 50 Euro Bonus Ohne Einzahlung: Das Beste Casino Ohne Einzahlung - Spielenohneeinzahlung.de\",\"isPartOf\":{\"@id\":\"https:\/\/spielenohneeinzahlung.de\/#website\"},\"primaryImageOfPage\":{\"@id\":\"https:\/\/spielenohneeinzahlung.de\/casino-50-euro-bonus-ohne-einzahlung\/#primaryimage\"},\"image\":{\"@id\":\"https:\/\/spielenohneeinzahlung.de\/casino-50-euro-bonus-ohne-einzahlung\/#primaryimage\"},\"thumbnailUrl\":\"https:\/\/spielenohneeinzahlung.de\/wp-content\/uploads\/2023\/08\/img_cont_05-5-euro-bonus-ohne-einzahlung.jpg.webp\",\"datePublished\":\"2023-08-26T19:31:28+00:00\",\"dateModified\":\"2023-09-03T20:00:21+00:00\",\"breadcrumb\":{\"@id\":\"https:\/\/spielenohneeinzahlung.de\/casino-50-euro-bonus-ohne-einzahlung\/#breadcrumb\"},\"inLanguage\":\"fr-FR\",\"potentialAction\":[{\"@type\":\"ReadAction\",\"target\":[\"https:\/\/spielenohneeinzahlung.de\/casino-50-euro-bonus-ohne-einzahlung\/\"]}]},{\"@type\":\"ImageObject\",\"inLanguage\":\"fr-FR\",\"@id\":\"https:\/\/spielenohneeinzahlung.de\/casino-50-euro-bonus-ohne-einzahlung\/#primaryimage\",\"url\":\"https:\/\/spielenohneeinzahlung.de\/wp-content\/uploads\/2023\/08\/img_cont_05-5-euro-bonus-ohne-einzahlung.jpg.webp\",\"contentUrl\":\"https:\/\/spielenohneeinzahlung.de\/wp-content\/uploads\/2023\/08\/img_cont_05-5-euro-bonus-ohne-einzahlung.jpg.webp\"},{\"@type\":\"BreadcrumbList\",\"@id\":\"https:\/\/spielenohneeinzahlung.de\/casino-50-euro-bonus-ohne-einzahlung\/#breadcrumb\",\"itemListElement\":[{\"@type\":\"ListItem\",\"position\":1,\"name\":\"Home\",\"item\":\"https:\/\/spielenohneeinzahlung.de\/\"},{\"@type\":\"ListItem\",\"position\":2,\"name\":\"Casino 50 Euro Bonus Ohne Einzahlung: Das Beste Casino Ohne Einzahlung\"}]},{\"@type\":\"WebSite\",\"@id\":\"https:\/\/spielenohneeinzahlung.de\/#website\",\"url\":\"https:\/\/spielenohneeinzahlung.de\/\",\"name\":\"Spielenohneeinzahlung.de\",\"description\":\"Bonusangebote in deutschen Spielcasinos!\",\"publisher\":{\"@id\":\"https:\/\/spielenohneeinzahlung.de\/#organization\"},\"potentialAction\":[{\"@type\":\"SearchAction\",\"target\":{\"@type\":\"EntryPoint\",\"urlTemplate\":\"https:\/\/spielenohneeinzahlung.de\/?s={search_term_string}\"},\"query-input\":{\"@type\":\"PropertyValueSpecification\",\"valueRequired\":true,\"valueName\":\"search_term_string\"}}],\"inLanguage\":\"fr-FR\"},{\"@type\":\"Organization\",\"@id\":\"https:\/\/spielenohneeinzahlung.de\/#organization\",\"name\":\"Spielenohneeinzahlung.de\",\"url\":\"https:\/\/spielenohneeinzahlung.de\/\",\"logo\":{\"@type\":\"ImageObject\",\"inLanguage\":\"fr-FR\",\"@id\":\"https:\/\/spielenohneeinzahlung.de\/#\/schema\/logo\/image\/\",\"url\":\"https:\/\/spielenohneeinzahlung.de\/wp-content\/uploads\/2023\/08\/logo.png.webp\",\"contentUrl\":\"https:\/\/spielenohneeinzahlung.de\/wp-content\/uploads\/2023\/08\/logo.png.webp\",\"width\":211,\"height\":42,\"caption\":\"Spielenohneeinzahlung.de\"},\"image\":{\"@id\":\"https:\/\/spielenohneeinzahlung.de\/#\/schema\/logo\/image\/\"}}]}<\/script>\n<!-- \/ Yoast SEO plugin. -->","yoast_head_json":{"title":"Casino 50 Euro Bonus Ohne Einzahlung: Das Beste Casino Ohne Einzahlung - Spielenohneeinzahlung.de","robots":{"index":"index","follow":"follow","max-snippet":"max-snippet:-1","max-image-preview":"max-image-preview:large","max-video-preview":"max-video-preview:-1"},"canonical":"https:\/\/spielenohneeinzahlung.de\/fr\/casino-50-euro-bonus-ohne-einzahlung\/","og_locale":"fr_FR","og_type":"article","og_title":"Casino 50 Euro Bonus Ohne Einzahlung: Das Beste Casino Ohne Einzahlung - Spielenohneeinzahlung.de","og_description":"K\u00f6nnten Sie sich vorstellen, eine kostenlose Belohnung ohne einen Laden in einem Gl\u00fccksspielklub in Deutschland zu bekommen? Wenn Sie alle Ihre Feinheiten ausf\u00fcllen, erhalten Sie folglich eine Casino 50 Euro Bonus ohne Einzahlung, mit der Sie jedes unserer Clubspiele von jedem beliebigen Ger\u00e4t aus spielen k\u00f6nnen: PC, vielseitig oder Tablet. Casino 50 Euro Bonus Ohne [&hellip;]","og_url":"https:\/\/spielenohneeinzahlung.de\/fr\/casino-50-euro-bonus-ohne-einzahlung\/","og_site_name":"Spielenohneeinzahlung.de","article_modified_time":"2023-09-03T20:00:21+00:00","og_image":[{"url":"https:\/\/spielenohneeinzahlung.de\/wp-content\/uploads\/2023\/08\/img_cont_05-5-euro-bonus-ohne-einzahlung.jpg.webp","type":"","width":"","height":""}],"twitter_card":"summary_large_image","twitter_misc":{"Dur\u00e9e de lecture estim\u00e9e":"2 minutes"},"schema":{"@context":"https:\/\/schema.org","@graph":[{"@type":"WebPage","@id":"https:\/\/spielenohneeinzahlung.de\/casino-50-euro-bonus-ohne-einzahlung\/","url":"https:\/\/spielenohneeinzahlung.de\/casino-50-euro-bonus-ohne-einzahlung\/","name":"Casino 50 Euro Bonus Ohne Einzahlung: Das Beste Casino Ohne Einzahlung - Spielenohneeinzahlung.de","isPartOf":{"@id":"https:\/\/spielenohneeinzahlung.de\/#website"},"primaryImageOfPage":{"@id":"https:\/\/spielenohneeinzahlung.de\/casino-50-euro-bonus-ohne-einzahlung\/#primaryimage"},"image":{"@id":"https:\/\/spielenohneeinzahlung.de\/casino-50-euro-bonus-ohne-einzahlung\/#primaryimage"},"thumbnailUrl":"https:\/\/spielenohneeinzahlung.de\/wp-content\/uploads\/2023\/08\/img_cont_05-5-euro-bonus-ohne-einzahlung.jpg.webp","datePublished":"2023-08-26T19:31:28+00:00","dateModified":"2023-09-03T20:00:21+00:00","breadcrumb":{"@id":"https:\/\/spielenohneeinzahlung.de\/casino-50-euro-bonus-ohne-einzahlung\/#breadcrumb"},"inLanguage":"fr-FR","potentialAction":[{"@type":"ReadAction","target":["https:\/\/spielenohneeinzahlung.de\/casino-50-euro-bonus-ohne-einzahlung\/"]}]},{"@type":"ImageObject","inLanguage":"fr-FR","@id":"https:\/\/spielenohneeinzahlung.de\/casino-50-euro-bonus-ohne-einzahlung\/#primaryimage","url":"https:\/\/spielenohneeinzahlung.de\/wp-content\/uploads\/2023\/08\/img_cont_05-5-euro-bonus-ohne-einzahlung.jpg.webp","contentUrl":"https:\/\/spielenohneeinzahlung.de\/wp-content\/uploads\/2023\/08\/img_cont_05-5-euro-bonus-ohne-einzahlung.jpg.webp"},{"@type":"BreadcrumbList","@id":"https:\/\/spielenohneeinzahlung.de\/casino-50-euro-bonus-ohne-einzahlung\/#breadcrumb","itemListElement":[{"@type":"ListItem","position":1,"name":"Home","item":"https:\/\/spielenohneeinzahlung.de\/"},{"@type":"ListItem","position":2,"name":"Casino 50 Euro Bonus Ohne Einzahlung: Das Beste Casino Ohne Einzahlung"}]},{"@type":"WebSite","@id":"https:\/\/spielenohneeinzahlung.de\/#website","url":"https:\/\/spielenohneeinzahlung.de\/","name":"Jouez sans d\u00e9p\u00f4t.de","description":"Offres de bonus dans les casinos allemands !","publisher":{"@id":"https:\/\/spielenohneeinzahlung.de\/#organization"},"potentialAction":[{"@type":"SearchAction","target":{"@type":"EntryPoint","urlTemplate":"https:\/\/spielenohneeinzahlung.de\/?s={search_term_string}"},"query-input":{"@type":"PropertyValueSpecification","valueRequired":true,"valueName":"search_term_string"}}],"inLanguage":"fr-FR"},{"@type":"Organization","@id":"https:\/\/spielenohneeinzahlung.de\/#organization","name":"Jouez sans d\u00e9p\u00f4t.de","url":"https:\/\/spielenohneeinzahlung.de\/","logo":{"@type":"ImageObject","inLanguage":"fr-FR","@id":"https:\/\/spielenohneeinzahlung.de\/#\/schema\/logo\/image\/","url":"https:\/\/spielenohneeinzahlung.de\/wp-content\/uploads\/2023\/08\/logo.png.webp","contentUrl":"https:\/\/spielenohneeinzahlung.de\/wp-content\/uploads\/2023\/08\/logo.png.webp","width":211,"height":42,"caption":"Spielenohneeinzahlung.de"},"image":{"@id":"https:\/\/spielenohneeinzahlung.de\/#\/schema\/logo\/image\/"}}]}},"_links":{"self":[{"href":"https:\/\/spielenohneeinzahlung.de\/fr\/wp-json\/wp\/v2\/pages\/101","targetHints":{"allow":["GET"]}}],"collection":[{"href":"https:\/\/spielenohneeinzahlung.de\/fr\/wp-json\/wp\/v2\/pages"}],"about":[{"href":"https:\/\/spielenohneeinzahlung.de\/fr\/wp-json\/wp\/v2\/types\/page"}],"author":[{"embeddable":true,"href":"https:\/\/spielenohneeinzahlung.de\/fr\/wp-json\/wp\/v2\/users\/1"}],"replies":[{"embeddable":true,"href":"https:\/\/spielenohneeinzahlung.de\/fr\/wp-json\/wp\/v2\/comments?post=101"}],"version-history":[{"count":11,"href":"https:\/\/spielenohneeinzahlung.de\/fr\/wp-json\/wp\/v2\/pages\/101\/revisions"}],"predecessor-version":[{"id":469,"href":"https:\/\/spielenohneeinzahlung.de\/fr\/wp-json\/wp\/v2\/pages\/101\/revisions\/469"}],"wp:attachment":[{"href":"https:\/\/spielenohneeinzahlung.de\/fr\/wp-json\/wp\/v2\/media?parent=101"}],"curies":[{"name":"wp","href":"https:\/\/api.w.org\/{rel}","templated":true}]}}