{"id":221,"date":"2023-08-28T11:32:25","date_gmt":"2023-08-28T11:32:25","guid":{"rendered":"https:\/\/spielenohneeinzahlung.de\/?page_id=221"},"modified":"2023-09-03T20:42:00","modified_gmt":"2023-09-03T20:42:00","slug":"40-freispiele-ohne-einzahlung","status":"publish","type":"page","link":"https:\/\/spielenohneeinzahlung.de\/fr\/freispiele\/40-freispiele-ohne-einzahlung\/","title":{"rendered":"40 tours gratuits sans d\u00e9p\u00f4t"},"content":{"rendered":"<div data-elementor-type=\"wp-page\" data-elementor-id=\"221\" class=\"elementor elementor-221\" data-elementor-post-type=\"page\">\n\t\t\t\t\t\t<section class=\"elementor-section elementor-top-section elementor-element elementor-element-ea85445 elementor-section-boxed elementor-section-height-default elementor-section-height-default\" data-id=\"ea85445\" data-element_type=\"section\">\n\t\t\t\t\t\t<div class=\"elementor-container elementor-column-gap-default\">\n\t\t\t\t\t<div class=\"elementor-column elementor-col-100 elementor-top-column elementor-element elementor-element-af46335\" data-id=\"af46335\" data-element_type=\"column\">\n\t\t\t<div class=\"elementor-widget-wrap elementor-element-populated\">\n\t\t\t\t\t\t<div class=\"elementor-element elementor-element-14cd289 elementor-widget elementor-widget-text-editor\" data-id=\"14cd289\" data-element_type=\"widget\" data-widget_type=\"text-editor.default\">\n\t\t\t\t<div class=\"elementor-widget-container\">\n\t\t\t\t\t\t\t\t\t<p>Tous les bons casinos sur Internet proposent des offres \u00e0 leurs clients. Il s&#039;agit principalement des bonus de d\u00e9p\u00f4t et de nombreux types de bonus de casino sans d\u00e9p\u00f4t. Afin d\u2019obtenir un bonus de casino en ligne sans d\u00e9p\u00f4t, il n\u2019est pas n\u00e9cessaire de d\u00e9poser un montant.<\/p><p>Il existe d&#039;innombrables variantes de cette offre de bonus. Et l\u2019un des plus populaires d\u2019entre eux est les 40 tours gratuits sans d\u00e9p\u00f4t. Il n\u2019est pas rare que cette offre soit propos\u00e9e apr\u00e8s inscription. Mais ce bonus peut \u00eatre offert comme un autre prix bonus. Vous pouvez participer \u00e0 une promotion pour b\u00e9n\u00e9ficier de cette offre. Vous d\u00e9couvrirez ensuite pourquoi cela vaut la peine de b\u00e9n\u00e9ficier de cette offre de bonus.<\/p>\t\t\t\t\t\t\t\t<\/div>\n\t\t\t\t<\/div>\n\t\t\t\t<div class=\"elementor-element elementor-element-8474c46 elementor-widget elementor-widget-text-editor\" data-id=\"8474c46\" data-element_type=\"widget\" data-widget_type=\"text-editor.default\">\n\t\t\t\t<div class=\"elementor-widget-container\">\n\t\t\t\t\t\t\t\t\t<h2 class=\"SxMNj2-zZqR\">Obtenez 40 tours gratuits sans d\u00e9p\u00f4t en Allemagne\u00a0!<\/h2><p>Dans un casino allemand, vous pouvez obtenir un bonus de casino en ligne de 40 tours gratuits sans d\u00e9p\u00f4t. Quels types de cadeaux bonus peuvent \u00eatre consid\u00e9r\u00e9s comme les plus populaires ? Si vous n&#039;avez jamais re\u00e7u une telle offre auparavant, faites attention aux types suivants :<\/p><ul class=\"BJgN7SE92\"><li class=\"WedNyw\">\u00a040 tours gratuits en bonus de bienvenue<\/li><li class=\"WedNyw\">\u00a0Prix bonus VIP<\/li><li class=\"WedNyw\">\u00a0Prix bonus pour une promotion<\/li><li class=\"WedNyw\">\u00a0Le bonus sans d\u00e9p\u00f4t du casino en ligne pour les gros joueurs<\/li><\/ul><p>Il existe \u00e9galement des offres sans conditions de mise. C\u2019est en fait le bonus parfait pour ceux qui souhaitent \u00e9conomiser leur argent. C&#039;est ainsi que vous pouvez recevoir de l&#039;argent sans d\u00e9p\u00f4t !<\/p>\t\t\t\t\t\t\t\t<\/div>\n\t\t\t\t<\/div>\n\t\t\t\t<div class=\"elementor-element elementor-element-1c0588b elementor-widget elementor-widget-text-editor\" data-id=\"1c0588b\" data-element_type=\"widget\" data-widget_type=\"text-editor.default\">\n\t\t\t\t<div class=\"elementor-widget-container\">\n\t\t\t\t\t\t\t\t\t<h2 class=\"SxMNj2-zZqR\">40 tours gratuits sans d\u00e9poser d&#039;argent en 2022<\/h2><p>L&#039;offre sera propos\u00e9e dans de nouvelles variantes chaque ann\u00e9e. Les casinos en ligne ajoutent les bonus sans d\u00e9p\u00f4t aux jeux de machines \u00e0 sous en ligne les plus innovants. Vous pouvez donc b\u00e9n\u00e9ficier d\u00e8s aujourd\u2019hui des offres de bonus suivantes :<\/p><ul class=\"BJgN7SE92\"><li class=\"WedNyw\">\u00a0Tours gratuits avec un bonus sp\u00e9cial de casino en argent r\u00e9el sans d\u00e9p\u00f4t<\/li><li class=\"WedNyw\">\u00a0Bonus sans conditions de mise<\/li><li class=\"WedNyw\">\u00a0Bonus pour les machines \u00e0 sous<\/li><li class=\"WedNyw\">\u00a0Bonus de mise \u00e9lev\u00e9s<\/li><\/ul>\t\t\t\t\t\t\t\t<\/div>\n\t\t\t\t<\/div>\n\t\t\t\t<div class=\"elementor-element elementor-element-44d55c0 elementor-widget elementor-widget-text-editor\" data-id=\"44d55c0\" data-element_type=\"widget\" data-widget_type=\"text-editor.default\">\n\t\t\t\t<div class=\"elementor-widget-container\">\n\t\t\t\t\t\t\t\t\t<h2 class=\"SxMNj2-zZqR\">40 tours gratuits sans d\u00e9p\u00f4t en janvier 2022<\/h2><p>Si vous aimez les jeux, vous aimeriez savoir quels bonus sont compatibles avec vos jeux pr\u00e9f\u00e9r\u00e9s. Il est important de rappeler que certaines promotions sp\u00e9ciales sont limit\u00e9es dans le temps. Il est parfois indispensable d\u2019utiliser un code bonus de casino sans d\u00e9p\u00f4t. Cependant ce n&#039;est pas toujours le cas.<\/p>\t\t\t\t\t\t\t\t<\/div>\n\t\t\t\t<\/div>\n\t\t\t\t<div class=\"elementor-element elementor-element-6b04659 elementor-widget elementor-widget-text-editor\" data-id=\"6b04659\" data-element_type=\"widget\" data-widget_type=\"text-editor.default\">\n\t\t\t\t<div class=\"elementor-widget-container\">\n\t\t\t\t\t\t\t\t\t<h2 class=\"SxMNj2-zZqR\">40 tours gratuits sans conditions de mise<\/h2><p>La majorit\u00e9 des prix bonus dans les casinos sont soumis \u00e0 des conditions de mise. Alors qu&#039;est-ce que cela signifie? Cela signifie que vos gains en esp\u00e8ces que vous avez re\u00e7us gr\u00e2ce aux offres de bonus doivent \u00eatre mis\u00e9s. Les conditions de mise peuvent \u00eatre diff\u00e9rentes. Donc, avant de recevoir une offre, assurez-vous qu\u2019elle est soumise \u00e0 des conditions de mise faciles \u00e0 remplir.<\/p><p>Certains types de jeux de machines \u00e0 sous, les bonus sans d\u00e9p\u00f4t en argent r\u00e9el ne sont soumis \u00e0 aucune condition de mise. Il n\u2019est donc pas n\u00e9cessaire de mettre en \u0153uvre l\u2019offre de bonus. Malheureusement, une telle offre de bonus est tr\u00e8s rare.<\/p>\t\t\t\t\t\t\t\t<\/div>\n\t\t\t\t<\/div>\n\t\t\t\t<div class=\"elementor-element elementor-element-b75774a elementor-widget elementor-widget-text-editor\" data-id=\"b75774a\" data-element_type=\"widget\" data-widget_type=\"text-editor.default\">\n\t\t\t\t<div class=\"elementor-widget-container\">\n\t\t\t\t\t\t\t\t\t<h2 class=\"SxMNj2-zZqR\">40 tours gratuits gratuits sur des jeux de machines \u00e0 sous bien connus<\/h2><p>Habituellement, le bonus de tours gratuits n\u2019est compatible qu\u2019avec un jeu donn\u00e9. Il n&#039;est pas possible d&#039;utiliser le prix bonus \u00e0 chaque jeu. Assurez-vous d&#039;aimer la machine \u00e0 sous sur laquelle vous pouvez utiliser l&#039;offre.<\/p><p>En r\u00e8gle g\u00e9n\u00e9rale, ce sont les machines \u00e0 sous les plus populaires. Ces jeux de casino sont cr\u00e9\u00e9s par des fabricants renomm\u00e9s. Vous ne serez donc peut-\u00eatre pas d\u00e9\u00e7u par la machine \u00e0 sous m\u00eame si vous ne l&#039;avez pas choisie vous-m\u00eame. Et parfois, vous avez la possibilit\u00e9 d\u2019utiliser l\u2019offre bonus sur plusieurs machines \u00e0 sous.<\/p>\t\t\t\t\t\t\t\t<\/div>\n\t\t\t\t<\/div>\n\t\t\t\t<div class=\"elementor-element elementor-element-7ec30a4 elementor-widget elementor-widget-text-editor\" data-id=\"7ec30a4\" data-element_type=\"widget\" data-widget_type=\"text-editor.default\">\n\t\t\t\t<div class=\"elementor-widget-container\">\n\t\t\t\t\t\t\t\t\t<h3 class=\"oJTWNXFVOtla\">\u00c0 quoi faut-il faire attention avec 40 tours gratuits ?<\/h3><p>Si vous souhaitez recevoir un bonus de jeux de machines \u00e0 sous en ligne sans d\u00e9p\u00f4t, faites attention \u00e0 certaines conditions de bonus. Par exemple:<\/p><ul class=\"BJgN7SE92\"><li class=\"WedNyw\">\u00a0Nombre de tours gratuits<\/li><li class=\"WedNyw\">\u00a0Bonus et conditions de mise<\/li><li class=\"WedNyw\">\u00a0Jeux de casino disponibles<\/li><li class=\"WedNyw\">\u00a0Limites de paris<\/li><li class=\"WedNyw\">\u00a0Les d\u00e9lais d&#039;utilisation de l&#039;offre de bonus<\/li><\/ul>\t\t\t\t\t\t\t\t<\/div>\n\t\t\t\t<\/div>\n\t\t\t\t<div class=\"elementor-element elementor-element-36588d6 elementor-widget elementor-widget-text-editor\" data-id=\"36588d6\" data-element_type=\"widget\" data-widget_type=\"text-editor.default\">\n\t\t\t\t<div class=\"elementor-widget-container\">\n\t\t\t\t\t\t\t\t\t<h3 class=\"oJTWNXFVOtla\">Que sont les jeux gratuits ?<\/h3><p>Les tours gratuits sont des tours gratuits de jeux de machines \u00e0 sous. Vous pouvez \u00eatre r\u00e9compens\u00e9 par des tours gratuits en bonus ou les activer pendant le processus de jeu. Les r\u00e8gles d\u00e9pendent du jeu. Parfois, vous devez former une combinaison sp\u00e9cifique de symboles. Les tours gratuits peuvent \u00e9galement \u00eatre activ\u00e9s de mani\u00e8re al\u00e9atoire.<\/p><p>Comme variante alternative, vous pouvez obtenir 40 tours gratuits en bonus sur le casino en ligne. R\u00e9clamez le prix bonus selon ses r\u00e8gles. Et g\u00e9n\u00e9ralement, les tours gratuits sont offerts en bonus de bienvenue.<\/p>\t\t\t\t\t\t\t\t<\/div>\n\t\t\t\t<\/div>\n\t\t\t\t<div class=\"elementor-element elementor-element-86e3f81 elementor-widget elementor-widget-text-editor\" data-id=\"86e3f81\" data-element_type=\"widget\" data-widget_type=\"text-editor.default\">\n\t\t\t\t<div class=\"elementor-widget-container\">\n\t\t\t\t\t\t\t\t\t<h4>Types de tours gratuits en un coup d&#039;\u0153il<\/h4><p>Vous pouvez r\u00e9clamer de nombreux types de tours gratuits. Et malheureusement il est impossible de tous les citer car ils sont trop nombreux. Les bonus de tours gratuits les plus populaires incluent\u00a0:<\/p><ul class=\"BJgN7SE92\"><li class=\"WedNyw\">\u00a0Tours gratuits ordinaires<\/li><li class=\"WedNyw\">\u00a0Tours gratuits avec multiplicateur<\/li><li class=\"WedNyw\">\u00a0Tours gratuits renouvelables<\/li><li class=\"WedNyw\">\u00a0Tours gratuits avec symboles bonus sp\u00e9ciaux<\/li><li class=\"WedNyw\">\u00a0Tours gratuits avec des jokers suppl\u00e9mentaires<\/li><li class=\"WedNyw\">\u00a0Tours gratuits avec des \u00e9l\u00e9ments d&#039;un tour de bonus th\u00e9matique<\/li><\/ul><p>Apr\u00e8s avoir activ\u00e9 les tours gratuits simples, vous n\u2019obtiendrez aucune fonctionnalit\u00e9 ni symbole sp\u00e9cial. Mais dans certains casinos en ligne, des tours gratuits sp\u00e9ciaux sont sugg\u00e9r\u00e9s.<\/p>\t\t\t\t\t\t\t\t<\/div>\n\t\t\t\t<\/div>\n\t\t\t\t<div class=\"elementor-element elementor-element-84f1a2a elementor-widget elementor-widget-text-editor\" data-id=\"84f1a2a\" data-element_type=\"widget\" data-widget_type=\"text-editor.default\">\n\t\t\t\t<div class=\"elementor-widget-container\">\n\t\t\t\t\t\t\t\t\t<h4>Voici \u00e0 quoi ressemble un bonus traditionnel de 40 tours gratuits<\/h4><p>Vous recevrez cette offre de bonus en tant que bonus de nouveau client. Dans ce cas, vous n\u2019avez pas besoin de d\u00e9poser une quelconque somme d\u2019argent pour b\u00e9n\u00e9ficier de 40 tours gratuits. Mais suivez toujours les conditions de bonus pour votre offre de bonus.<\/p><h2 class=\"SxMNj2-zZqR\">Obtenez vos 40 tours gratuits\u00a0!<\/h2><p>Pour obtenir des tours gratuits sous forme d&#039;offre, suivez ces instructions\u00a0:<\/p><ul class=\"BJgN7SE92\"><li class=\"WedNyw\">\u00a0Trouvez un casino en ligne s\u00e9curis\u00e9 o\u00f9 cette offre de bonus est disponible.<\/li><li class=\"WedNyw\">\u00a0Inscrivez-vous l\u00e0-bas.<\/li><li class=\"WedNyw\">\u00a0Si n\u00e9cessaire, utilisez un code bonus de casino sans d\u00e9p\u00f4t.<\/li><li class=\"WedNyw\">\u00a0Obtenez votre bonus\u00a0!<\/li><\/ul><p>Il n&#039;est donc pas difficile d&#039;\u00eatre r\u00e9compens\u00e9 par un excellent bonus de tours gratuits. Et nous vous garantissons que vous ne vous ennuierez pas avec ce bonus !<\/p>\t\t\t\t\t\t\t\t<\/div>\n\t\t\t\t<\/div>\n\t\t\t\t\t<\/div>\n\t\t<\/div>\n\t\t\t\t\t<\/div>\n\t\t<\/section>\n\t\t\t\t<\/div>","protected":false},"excerpt":{"rendered":"<p>Tous les bons casinos sur Internet proposent des offres \u00e0 leurs clients. Il s&#039;agit principalement des bonus de d\u00e9p\u00f4t et de nombreux types de bonus de casino sans d\u00e9p\u00f4t. Afin d\u2019obtenir un bonus de casino en ligne sans d\u00e9p\u00f4t, il n\u2019est pas n\u00e9cessaire de d\u00e9poser un montant. Il existe d&#039;innombrables variantes de cette offre de bonus. Et l\u2019un des plus populaires d\u2019entre eux est les 40 tours gratuits sans d\u00e9p\u00f4t. [\u2026]<\/p>","protected":false},"author":1,"featured_media":0,"parent":219,"menu_order":0,"comment_status":"closed","ping_status":"closed","template":"","meta":{"footnotes":""},"class_list":["post-221","page","type-page","status-publish","hentry"],"yoast_head":"<!-- This site is optimized with the Yoast SEO plugin v26.8 - https:\/\/yoast.com\/product\/yoast-seo-wordpress\/ -->\n<title>40 Freispiele Ohne Einzahlung - Spielenohneeinzahlung.de<\/title>\n<meta name=\"robots\" content=\"index, follow, max-snippet:-1, max-image-preview:large, max-video-preview:-1\" \/>\n<link rel=\"canonical\" href=\"https:\/\/spielenohneeinzahlung.de\/fr\/freispiele\/40-freispiele-ohne-einzahlung\/\" \/>\n<meta property=\"og:locale\" content=\"fr_FR\" \/>\n<meta property=\"og:type\" content=\"article\" \/>\n<meta property=\"og:title\" content=\"40 Freispiele Ohne Einzahlung - Spielenohneeinzahlung.de\" \/>\n<meta property=\"og:description\" content=\"Alle gute Internet-Kasinos schenken ihren Kunden Angebote. Dazu geh\u00f6ren in erster Linie Einzahlungsboni und zahlreiche Arten von einem Casino Bonus ohne Einzahlung. Um einen Online Casino Bonus ohne Einzahlung zu bekommen, ist es nicht unbedingt, ein Betrag einzuzahlen. Es gibt unz\u00e4hlige Varianten dieses Bonusangebotes. Und eines der popul\u00e4rsten von ihnen sind 40 Freispiele ohne Einzahlung. [&hellip;]\" \/>\n<meta property=\"og:url\" content=\"https:\/\/spielenohneeinzahlung.de\/fr\/freispiele\/40-freispiele-ohne-einzahlung\/\" \/>\n<meta property=\"og:site_name\" content=\"Spielenohneeinzahlung.de\" \/>\n<meta property=\"article:modified_time\" content=\"2023-09-03T20:42:00+00:00\" \/>\n<meta name=\"twitter:card\" content=\"summary_large_image\" \/>\n<meta name=\"twitter:label1\" content=\"Dur\u00e9e de lecture estim\u00e9e\" \/>\n\t<meta name=\"twitter:data1\" content=\"4 minutes\" \/>\n<script type=\"application\/ld+json\" class=\"yoast-schema-graph\">{\"@context\":\"https:\/\/schema.org\",\"@graph\":[{\"@type\":\"WebPage\",\"@id\":\"https:\/\/spielenohneeinzahlung.de\/freispiele\/40-freispiele-ohne-einzahlung\/\",\"url\":\"https:\/\/spielenohneeinzahlung.de\/freispiele\/40-freispiele-ohne-einzahlung\/\",\"name\":\"40 Freispiele Ohne Einzahlung - Spielenohneeinzahlung.de\",\"isPartOf\":{\"@id\":\"https:\/\/spielenohneeinzahlung.de\/#website\"},\"datePublished\":\"2023-08-28T11:32:25+00:00\",\"dateModified\":\"2023-09-03T20:42:00+00:00\",\"breadcrumb\":{\"@id\":\"https:\/\/spielenohneeinzahlung.de\/freispiele\/40-freispiele-ohne-einzahlung\/#breadcrumb\"},\"inLanguage\":\"fr-FR\",\"potentialAction\":[{\"@type\":\"ReadAction\",\"target\":[\"https:\/\/spielenohneeinzahlung.de\/freispiele\/40-freispiele-ohne-einzahlung\/\"]}]},{\"@type\":\"BreadcrumbList\",\"@id\":\"https:\/\/spielenohneeinzahlung.de\/freispiele\/40-freispiele-ohne-einzahlung\/#breadcrumb\",\"itemListElement\":[{\"@type\":\"ListItem\",\"position\":1,\"name\":\"Home\",\"item\":\"https:\/\/spielenohneeinzahlung.de\/\"},{\"@type\":\"ListItem\",\"position\":2,\"name\":\"Freispiele\",\"item\":\"https:\/\/spielenohneeinzahlung.de\/freispiele\/\"},{\"@type\":\"ListItem\",\"position\":3,\"name\":\"40 Freispiele Ohne Einzahlung\"}]},{\"@type\":\"WebSite\",\"@id\":\"https:\/\/spielenohneeinzahlung.de\/#website\",\"url\":\"https:\/\/spielenohneeinzahlung.de\/\",\"name\":\"Spielenohneeinzahlung.de\",\"description\":\"Bonusangebote in deutschen Spielcasinos!\",\"publisher\":{\"@id\":\"https:\/\/spielenohneeinzahlung.de\/#organization\"},\"potentialAction\":[{\"@type\":\"SearchAction\",\"target\":{\"@type\":\"EntryPoint\",\"urlTemplate\":\"https:\/\/spielenohneeinzahlung.de\/?s={search_term_string}\"},\"query-input\":{\"@type\":\"PropertyValueSpecification\",\"valueRequired\":true,\"valueName\":\"search_term_string\"}}],\"inLanguage\":\"fr-FR\"},{\"@type\":\"Organization\",\"@id\":\"https:\/\/spielenohneeinzahlung.de\/#organization\",\"name\":\"Spielenohneeinzahlung.de\",\"url\":\"https:\/\/spielenohneeinzahlung.de\/\",\"logo\":{\"@type\":\"ImageObject\",\"inLanguage\":\"fr-FR\",\"@id\":\"https:\/\/spielenohneeinzahlung.de\/#\/schema\/logo\/image\/\",\"url\":\"https:\/\/spielenohneeinzahlung.de\/wp-content\/uploads\/2023\/08\/logo.png.webp\",\"contentUrl\":\"https:\/\/spielenohneeinzahlung.de\/wp-content\/uploads\/2023\/08\/logo.png.webp\",\"width\":211,\"height\":42,\"caption\":\"Spielenohneeinzahlung.de\"},\"image\":{\"@id\":\"https:\/\/spielenohneeinzahlung.de\/#\/schema\/logo\/image\/\"}}]}<\/script>\n<!-- \/ Yoast SEO plugin. -->","yoast_head_json":{"title":"40 Freispiele Ohne Einzahlung - Spielenohneeinzahlung.de","robots":{"index":"index","follow":"follow","max-snippet":"max-snippet:-1","max-image-preview":"max-image-preview:large","max-video-preview":"max-video-preview:-1"},"canonical":"https:\/\/spielenohneeinzahlung.de\/fr\/freispiele\/40-freispiele-ohne-einzahlung\/","og_locale":"fr_FR","og_type":"article","og_title":"40 Freispiele Ohne Einzahlung - Spielenohneeinzahlung.de","og_description":"Alle gute Internet-Kasinos schenken ihren Kunden Angebote. Dazu geh\u00f6ren in erster Linie Einzahlungsboni und zahlreiche Arten von einem Casino Bonus ohne Einzahlung. Um einen Online Casino Bonus ohne Einzahlung zu bekommen, ist es nicht unbedingt, ein Betrag einzuzahlen. Es gibt unz\u00e4hlige Varianten dieses Bonusangebotes. Und eines der popul\u00e4rsten von ihnen sind 40 Freispiele ohne Einzahlung. [&hellip;]","og_url":"https:\/\/spielenohneeinzahlung.de\/fr\/freispiele\/40-freispiele-ohne-einzahlung\/","og_site_name":"Spielenohneeinzahlung.de","article_modified_time":"2023-09-03T20:42:00+00:00","twitter_card":"summary_large_image","twitter_misc":{"Dur\u00e9e de lecture estim\u00e9e":"4 minutes"},"schema":{"@context":"https:\/\/schema.org","@graph":[{"@type":"WebPage","@id":"https:\/\/spielenohneeinzahlung.de\/freispiele\/40-freispiele-ohne-einzahlung\/","url":"https:\/\/spielenohneeinzahlung.de\/freispiele\/40-freispiele-ohne-einzahlung\/","name":"40 Freispiele Ohne Einzahlung - Spielenohneeinzahlung.de","isPartOf":{"@id":"https:\/\/spielenohneeinzahlung.de\/#website"},"datePublished":"2023-08-28T11:32:25+00:00","dateModified":"2023-09-03T20:42:00+00:00","breadcrumb":{"@id":"https:\/\/spielenohneeinzahlung.de\/freispiele\/40-freispiele-ohne-einzahlung\/#breadcrumb"},"inLanguage":"fr-FR","potentialAction":[{"@type":"ReadAction","target":["https:\/\/spielenohneeinzahlung.de\/freispiele\/40-freispiele-ohne-einzahlung\/"]}]},{"@type":"BreadcrumbList","@id":"https:\/\/spielenohneeinzahlung.de\/freispiele\/40-freispiele-ohne-einzahlung\/#breadcrumb","itemListElement":[{"@type":"ListItem","position":1,"name":"Home","item":"https:\/\/spielenohneeinzahlung.de\/"},{"@type":"ListItem","position":2,"name":"Freispiele","item":"https:\/\/spielenohneeinzahlung.de\/freispiele\/"},{"@type":"ListItem","position":3,"name":"40 Freispiele Ohne Einzahlung"}]},{"@type":"WebSite","@id":"https:\/\/spielenohneeinzahlung.de\/#website","url":"https:\/\/spielenohneeinzahlung.de\/","name":"Jouez sans d\u00e9p\u00f4t.de","description":"Offres de bonus dans les casinos allemands !","publisher":{"@id":"https:\/\/spielenohneeinzahlung.de\/#organization"},"potentialAction":[{"@type":"SearchAction","target":{"@type":"EntryPoint","urlTemplate":"https:\/\/spielenohneeinzahlung.de\/?s={search_term_string}"},"query-input":{"@type":"PropertyValueSpecification","valueRequired":true,"valueName":"search_term_string"}}],"inLanguage":"fr-FR"},{"@type":"Organization","@id":"https:\/\/spielenohneeinzahlung.de\/#organization","name":"Jouez sans d\u00e9p\u00f4t.de","url":"https:\/\/spielenohneeinzahlung.de\/","logo":{"@type":"ImageObject","inLanguage":"fr-FR","@id":"https:\/\/spielenohneeinzahlung.de\/#\/schema\/logo\/image\/","url":"https:\/\/spielenohneeinzahlung.de\/wp-content\/uploads\/2023\/08\/logo.png.webp","contentUrl":"https:\/\/spielenohneeinzahlung.de\/wp-content\/uploads\/2023\/08\/logo.png.webp","width":211,"height":42,"caption":"Spielenohneeinzahlung.de"},"image":{"@id":"https:\/\/spielenohneeinzahlung.de\/#\/schema\/logo\/image\/"}}]}},"_links":{"self":[{"href":"https:\/\/spielenohneeinzahlung.de\/fr\/wp-json\/wp\/v2\/pages\/221","targetHints":{"allow":["GET"]}}],"collection":[{"href":"https:\/\/spielenohneeinzahlung.de\/fr\/wp-json\/wp\/v2\/pages"}],"about":[{"href":"https:\/\/spielenohneeinzahlung.de\/fr\/wp-json\/wp\/v2\/types\/page"}],"author":[{"embeddable":true,"href":"https:\/\/spielenohneeinzahlung.de\/fr\/wp-json\/wp\/v2\/users\/1"}],"replies":[{"embeddable":true,"href":"https:\/\/spielenohneeinzahlung.de\/fr\/wp-json\/wp\/v2\/comments?post=221"}],"version-history":[{"count":11,"href":"https:\/\/spielenohneeinzahlung.de\/fr\/wp-json\/wp\/v2\/pages\/221\/revisions"}],"predecessor-version":[{"id":487,"href":"https:\/\/spielenohneeinzahlung.de\/fr\/wp-json\/wp\/v2\/pages\/221\/revisions\/487"}],"up":[{"embeddable":true,"href":"https:\/\/spielenohneeinzahlung.de\/fr\/wp-json\/wp\/v2\/pages\/219"}],"wp:attachment":[{"href":"https:\/\/spielenohneeinzahlung.de\/fr\/wp-json\/wp\/v2\/media?parent=221"}],"curies":[{"name":"wp","href":"https:\/\/api.w.org\/{rel}","templated":true}]}}