{"id":26,"date":"2023-08-25T16:12:44","date_gmt":"2023-08-25T16:12:44","guid":{"rendered":"https:\/\/spielenohneeinzahlung.de\/?page_id=26"},"modified":"2025-03-20T00:17:44","modified_gmt":"2025-03-19T23:17:44","slug":"home","status":"publish","type":"page","link":"https:\/\/spielenohneeinzahlung.de\/fr\/","title":{"rendered":"ACCUEIL ICI"},"content":{"rendered":"<div data-elementor-type=\"wp-page\" data-elementor-id=\"26\" class=\"elementor elementor-26\" data-elementor-post-type=\"page\">\n\t\t\t\t\t\t<section class=\"elementor-section elementor-top-section elementor-element elementor-element-efd312f elementor-section-height-min-height elementor-section-items-stretch elementor-section-boxed elementor-section-height-default\" data-id=\"efd312f\" data-element_type=\"section\">\n\t\t\t\t\t\t<div class=\"elementor-container elementor-column-gap-default\">\n\t\t\t\t\t<div class=\"elementor-column elementor-col-50 elementor-top-column elementor-element elementor-element-0190f36\" data-id=\"0190f36\" data-element_type=\"column\" data-settings=\"{&quot;background_background&quot;:&quot;classic&quot;}\">\n\t\t\t<div class=\"elementor-widget-wrap elementor-element-populated\">\n\t\t\t\t\t\t<div class=\"elementor-element elementor-element-156828b elementor-widget elementor-widget-heading\" data-id=\"156828b\" data-element_type=\"widget\" data-widget_type=\"heading.default\">\n\t\t\t\t<div class=\"elementor-widget-container\">\n\t\t\t\t\t<h2 class=\"elementor-heading-title elementor-size-default\">PRIME DE BIENVENUE<\/h2>\t\t\t\t<\/div>\n\t\t\t\t<\/div>\n\t\t\t\t<div class=\"elementor-element elementor-element-0d44785 elementor-widget elementor-widget-heading\" data-id=\"0d44785\" data-element_type=\"widget\" data-widget_type=\"heading.default\">\n\t\t\t\t<div class=\"elementor-widget-container\">\n\t\t\t\t\t<h4 class=\"elementor-heading-title elementor-size-default\"><b>100%<\/b> jusqu&#039;\u00e0 600\u20ac + <b>60<\/b> Tours gratuits<\/h4>\t\t\t\t<\/div>\n\t\t\t\t<\/div>\n\t\t\t\t<div class=\"elementor-element elementor-element-a9c9587 elementor-align-center elementor-widget elementor-widget-button\" data-id=\"a9c9587\" data-element_type=\"widget\" data-widget_type=\"button.default\">\n\t\t\t\t<div class=\"elementor-widget-container\">\n\t\t\t\t\t\t\t\t\t<div class=\"elementor-button-wrapper\">\n\t\t\t\t\t<a class=\"elementor-button elementor-button-link elementor-size-sm\" href=\"#\">\n\t\t\t\t\t\t<span class=\"elementor-button-content-wrapper\">\n\t\t\t\t\t\t\t\t\t<span class=\"elementor-button-text\">continuer la lecture<\/span>\n\t\t\t\t\t<\/span>\n\t\t\t\t\t<\/a>\n\t\t\t\t<\/div>\n\t\t\t\t\t\t\t\t<\/div>\n\t\t\t\t<\/div>\n\t\t\t\t\t<\/div>\n\t\t<\/div>\n\t\t\t\t<div class=\"elementor-column elementor-col-50 elementor-top-column elementor-element elementor-element-134e84a\" data-id=\"134e84a\" data-element_type=\"column\">\n\t\t\t<div class=\"elementor-widget-wrap elementor-element-populated\">\n\t\t\t\t\t\t<section class=\"elementor-section elementor-inner-section elementor-element elementor-element-32eef42 elementor-section-boxed elementor-section-height-default elementor-section-height-default\" data-id=\"32eef42\" data-element_type=\"section\">\n\t\t\t\t\t\t<div class=\"elementor-container elementor-column-gap-default\">\n\t\t\t\t\t<div class=\"elementor-column elementor-col-100 elementor-inner-column elementor-element elementor-element-45cd81c\" data-id=\"45cd81c\" data-element_type=\"column\" data-settings=\"{&quot;background_background&quot;:&quot;classic&quot;}\">\n\t\t\t<div class=\"elementor-widget-wrap elementor-element-populated\">\n\t\t\t\t\t\t<div class=\"elementor-element elementor-element-0dfef06 elementor-widget elementor-widget-heading\" data-id=\"0dfef06\" data-element_type=\"widget\" data-widget_type=\"heading.default\">\n\t\t\t\t<div class=\"elementor-widget-container\">\n\t\t\t\t\t<h4 class=\"elementor-heading-title elementor-size-default\">BONUS SP\u00c9CIAL<\/h4>\t\t\t\t<\/div>\n\t\t\t\t<\/div>\n\t\t\t\t<div class=\"elementor-element elementor-element-3ce2ace elementor-widget elementor-widget-heading\" data-id=\"3ce2ace\" data-element_type=\"widget\" data-widget_type=\"heading.default\">\n\t\t\t\t<div class=\"elementor-widget-container\">\n\t\t\t\t\t<h6 class=\"elementor-heading-title elementor-size-default\"><div class=\"B2mO9Fi\"><b>150%<\/b> \u00e0 + <b>150<\/b> Tours gratuits<\/div><\/h6>\t\t\t\t<\/div>\n\t\t\t\t<\/div>\n\t\t\t\t\t<\/div>\n\t\t<\/div>\n\t\t\t\t\t<\/div>\n\t\t<\/section>\n\t\t\t\t<section class=\"elementor-section elementor-inner-section elementor-element elementor-element-0815ec7 elementor-section-boxed elementor-section-height-default elementor-section-height-default\" data-id=\"0815ec7\" data-element_type=\"section\">\n\t\t\t\t\t\t<div class=\"elementor-container elementor-column-gap-default\">\n\t\t\t\t\t<div class=\"elementor-column elementor-col-100 elementor-inner-column elementor-element elementor-element-b8581c7\" data-id=\"b8581c7\" data-element_type=\"column\" data-settings=\"{&quot;background_background&quot;:&quot;classic&quot;}\">\n\t\t\t<div class=\"elementor-widget-wrap elementor-element-populated\">\n\t\t\t\t\t\t<div class=\"elementor-element elementor-element-b849084 elementor-widget elementor-widget-heading\" data-id=\"b849084\" data-element_type=\"widget\" data-widget_type=\"heading.default\">\n\t\t\t\t<div class=\"elementor-widget-container\">\n\t\t\t\t\t<h4 class=\"elementor-heading-title elementor-size-default\">FORFAIT DE BIENVENUE<\/h4>\t\t\t\t<\/div>\n\t\t\t\t<\/div>\n\t\t\t\t<div class=\"elementor-element elementor-element-063febb elementor-widget elementor-widget-heading\" data-id=\"063febb\" data-element_type=\"widget\" data-widget_type=\"heading.default\">\n\t\t\t\t<div class=\"elementor-widget-container\">\n\t\t\t\t\t<h6 class=\"elementor-heading-title elementor-size-default\"><div class=\"B2mO9Fi\"><b>77\u20ac<\/b> + 77 tours gratuits<\/div><\/h6>\t\t\t\t<\/div>\n\t\t\t\t<\/div>\n\t\t\t\t\t<\/div>\n\t\t<\/div>\n\t\t\t\t\t<\/div>\n\t\t<\/section>\n\t\t\t\t\t<\/div>\n\t\t<\/div>\n\t\t\t\t\t<\/div>\n\t\t<\/section>\n\t\t\t\t<section class=\"elementor-section elementor-top-section elementor-element elementor-element-1eb8e2d elementor-section-boxed elementor-section-height-default elementor-section-height-default\" data-id=\"1eb8e2d\" data-element_type=\"section\">\n\t\t\t\t\t\t<div class=\"elementor-container elementor-column-gap-default\">\n\t\t\t\t\t<div class=\"elementor-column elementor-col-100 elementor-top-column elementor-element elementor-element-b2ea6fe\" data-id=\"b2ea6fe\" data-element_type=\"column\">\n\t\t\t<div class=\"elementor-widget-wrap elementor-element-populated\">\n\t\t\t\t\t\t<div class=\"elementor-element elementor-element-03559d8 elementor-widget elementor-widget-heading\" data-id=\"03559d8\" data-element_type=\"widget\" data-widget_type=\"heading.default\">\n\t\t\t\t<div class=\"elementor-widget-container\">\n\t\t\t\t\t<h2 class=\"elementor-heading-title elementor-size-default\">Tours gratuits sans d\u00e9p\u00f4t en un coup d&#039;\u0153il<\/h2>\t\t\t\t<\/div>\n\t\t\t\t<\/div>\n\t\t\t\t<div class=\"elementor-element elementor-element-027ce6e elementor-widget__width-initial elementor-widget elementor-widget-text-editor\" data-id=\"027ce6e\" data-element_type=\"widget\" data-widget_type=\"text-editor.default\">\n\t\t\t\t<div class=\"elementor-widget-container\">\n\t\t\t\t\t\t\t\t\t<p>Divers cadeaux bonus sont propos\u00e9s sur de nombreux sites de casino en ligne. Et comme les machines \u00e0 sous sont l&#039;un des jeux de casino les plus populaires, il n&#039;est pas \u00e9tonnant que de nombreux sites de casino proposent des tours gratuits de casino sans d\u00e9p\u00f4t. Les tours gratuits sont des tours gratuits sur les rouleaux d&#039;un jeu de machine \u00e0 sous sp\u00e9cifique que les visiteurs du casino re\u00e7oivent sous forme d&#039;offre de bonus. Et \u00ab sans d\u00e9p\u00f4t \u00bb signifie que ces bonus ne n\u00e9cessitent aucun transfert pour \u00eatre cr\u00e9dit\u00e9 sur le compte joueur.<\/p>\n<h2>Des tours gratuits sans d\u00e9p\u00f4t ni bonus de d\u00e9p\u00f4t ?<\/h2>\n<p>Il est parfois difficile de dire quels bonus sont les meilleurs : des tours gratuits offerts apr\u00e8s un d\u00e9p\u00f4t ou des tours gratuits sans d\u00e9p\u00f4t ? En r\u00e9alit\u00e9, les deux types de bonus ont leurs avantages et leurs inconv\u00e9nients. Et puisque nous nous concentrons sur les tours gratuits sans paiement dans cet article, nous analyserons les avantages et les inconv\u00e9nients de ces cadeaux bonus.<\/p>\n<p>Par rapport aux tours gratuits avec d\u00e9p\u00f4t, les tours gratuits sans d\u00e9p\u00f4t pr\u00e9sentent les avantages suivants :<\/p>\n<ul>\n<li>Pour b\u00e9n\u00e9ficier de ce cadeau bonus, vous n&#039;avez pas besoin d&#039;effectuer un d\u00e9p\u00f4t en esp\u00e8ces. En cons\u00e9quence, vous jouez \u00e0 une machine \u00e0 sous particuli\u00e8re tout \u00e0 fait gratuitement, mais vous avez la possibilit\u00e9 de gagner de l&#039;argent r\u00e9el.<\/li>\n<li>Vous pouvez d\u00e9penser de tels cadeaux bonus sans risque de perte.<\/li>\n<\/ul>\n<p>Il est tr\u00e8s simple d\u2019obtenir des tours gratuits sans d\u00e9p\u00f4t. En r\u00e8gle g\u00e9n\u00e9rale, vous recevrez l\u2019offre de bonus imm\u00e9diatement apr\u00e8s votre inscription.<\/p>\n<p>Les inconv\u00e9nients des tours gratuits sans d\u00e9p\u00f4t :<\/p>\n<ul>\n<li>Par rapport aux bonus de d\u00e9p\u00f4t, le nombre de tours gratuits est inf\u00e9rieur. Alors que les bonus de d\u00e9p\u00f4t peuvent vous offrir 250, 500 ou m\u00eame 1 000 tours gratuits, les bonus sans d\u00e9p\u00f4t sont g\u00e9n\u00e9ralement limit\u00e9s \u00e0 30 tours.<\/li>\n<li>Les tours re\u00e7us sans d\u00e9p\u00f4t d\u2019argent sont soumis aux conditions de bonus plus strictes. Il n\u2019est pas rare que vous deviez d\u00e9ployer beaucoup d\u2019efforts pour d\u00e9bloquer vos gains bonus.<\/li>\n<\/ul>\n<h2>Quels types de tours gratuits sans d\u00e9p\u00f4t existe-t-il ?<\/h2>\n<div>\n<div><picture><source srcset=\"https:\/\/web.archive.org\/web\/20220117002241im_\/https:\/\/spielenohneeinzahlung.de\/wp-content\/webp-express\/webp-images\/uploads\/2021\/04\/img_cont_07_freispiele-ohne-einzahlung.jpg.webp\" type=\"image\/webp\"><source srcset=\"\/web\/20220117002241im_\/https:\/\/spielenohneeinzahlung.de\/wp-content\/uploads\/2021\/04\/img_cont_07_freispiele-ohne-einzahlung.jpg\" type=\"image\/jpg\"><\/picture><\/div>\n<\/div>\n<p>Cette offre de bonus peut \u00eatre propos\u00e9e dans le cadre de divers programmes de bonus. En r\u00e8gle g\u00e9n\u00e9rale, ces cadeaux bonus appartiennent aux cat\u00e9gories suivantes :<\/p>\n<ul>\n<li>Bonus de bienvenue. Vous obtenez g\u00e9n\u00e9ralement des tours gratuits de casino sans d\u00e9p\u00f4t dans le cadre d\u2019un package de bienvenue. En plus des tours gratuits, vous recevrez un bonus de d\u00e9p\u00f4t ou un cadeau en esp\u00e8ces sans d\u00e9poser d&#039;argent.<\/li>\n<li>Programme de fid\u00e9lit\u00e9. Certains casinos sur Internet vous permettent d&#039;\u00e9changer vos points de fid\u00e9lit\u00e9 contre des tours gratuits.<\/li>\n<li>Actions. Lorsque vous participez \u00e0 des promotions mensuelles, hebdomadaires ou saisonni\u00e8res, vous pouvez parfois recevoir des tours gratuits en gagnant ou m\u00eame en participant.<\/li>\n<li>Prix bonus exclusifs. Les grands sites de jeux sur Internet proposent \u00e9galement des bonus exclusifs. Ces cadeaux bonus incluent parfois \u00e9galement des tours gratuits sans d\u00e9p\u00f4t.<\/li>\n<\/ul>\n<h2>Comment obtenir des tours gratuits sans d\u00e9p\u00f4t en guise de bonus de bienvenue ?<\/h2>\n<p>Si cette offre de bonus est propos\u00e9e en bonus nouveau client, il n\u2019est pas compliqu\u00e9 de la b\u00e9n\u00e9ficier. Pour ce faire, suivez simplement les \u00e9tapes ci-dessous :<\/p>\n<ul>\n<li>Trouvez un site de jeux qui propose un cadeau bonus avantageux.<\/li>\n<li>Recherchez le bouton d&#039;inscription et connectez-vous en remplissant le formulaire avec vos informations personnelles.<\/li>\n<li>V\u00e9rifiez l&#039;inscription avec votre num\u00e9ro de t\u00e9l\u00e9phone ou votre e-mail.<\/li>\n<li>Entrez obligatoirement un code bonus et obtenez vos tours gratuits de casino sans d\u00e9p\u00f4t.<\/li>\n<\/ul>\n<p>Vous pouvez \u00e9galement utiliser votre offre de bonus sur certaines machines \u00e0 sous. N\u2019oubliez pas non plus de remplir les conditions de mise.<\/p>\n<h2>Conditions bonus pour les tours gratuits<\/h2>\n<p>Dans la plupart des cas, les tours gratuits sont soumis \u00e0 des conditions de bonus. Vous n&#039;avez pas la possibilit\u00e9 de retirer vos gains bonus imm\u00e9diatement. Et avant d\u2019avoir le droit de retirer vos fonds, vous devez miser vos gains un certain nombre de fois. Les ventes peuvent varier. Nous vous recommandons d\u2019\u00e9viter les sites de jeux dont le chiffre d\u2019affaires est sup\u00e9rieur \u00e0 30 fois, car de tels bonus sont tr\u00e8s difficiles \u00e0 d\u00e9bloquer.<\/p>\n<h2>Existe-t-il des tours gratuits sans ventes ?<\/h2>\n<p>La plupart des sites Web proposant des tours gratuits de casino en ligne sans d\u00e9p\u00f4t 2022 ont certaines conditions de mise pour garantir que vous n&#039;abuserez pas des offres de bonus. Cependant, il existe un nombre croissant de portails de jeux, comme celui-ci.&nbsp;<a href=\"https:\/\/www.stakecasino.de\/\">stakecasino<\/a>, qui renoncent \u00e0 cette tendance et ne contiennent aucune exigence de mise. Vous pouvez profiter du casino de tours gratuits sans d\u00e9p\u00f4t aujourd\u2019hui sans condition de mise. Mais comment fonctionnent ces prix bonus ?<\/p>\n<p>Dans certains casinos, l\u2019argent que vous gagnez gr\u00e2ce aux tours gratuits n\u2019est pas n\u00e9cessairement des fonds de retrait, mais plut\u00f4t de l\u2019argent que vous pourrez utiliser dans de futurs jeux. Lorsque vous aurez d\u00e9pens\u00e9 les bonus de tours gratuits, le prix en esp\u00e8ces que vous gagnerez sera transf\u00e9r\u00e9 sur votre compte et vous aurez la possibilit\u00e9 d&#039;utiliser cet argent sur d&#039;autres jeux de casino. Par exemple, vous pouvez d\u00e9penser vos gains bonus au blackjack, \u00e0 la roulette ou au poker.<\/p>\n<h2>Que devez-vous prendre en compte lors du choix de jeux gratuits\u00a0?<\/h2>\n<div>\n<div><picture><source srcset=\"https:\/\/web.archive.org\/web\/20220117002241im_\/https:\/\/spielenohneeinzahlung.de\/wp-content\/webp-express\/webp-images\/uploads\/2021\/04\/img_cont_07_freispiele-ohne-einzahlung_2.jpg.webp\" type=\"image\/webp\"><source srcset=\"\/web\/20220117002241im_\/https:\/\/spielenohneeinzahlung.de\/wp-content\/uploads\/2021\/04\/img_cont_07_freispiele-ohne-einzahlung_2.jpg\" type=\"image\/jpg\"><\/picture><\/div>\n<\/div>\n<p>Bien que les tours gratuits puissent \u00eatre tr\u00e8s amusants, toutes ces offres de bonus ne sont pas \u00e9gales. Certains casinos offrent des bonus importants avec des centaines de tours, tandis que d&#039;autres n&#039;offrent que quelques tours gratuits de casino en ligne sans d\u00e9p\u00f4t. Bien entendu, la qualit\u00e9 de l\u2019offre de bonus d\u00e9pend non seulement du num\u00e9ro, mais aussi de la mani\u00e8re dont vous pouvez l\u2019utiliser. Vous devez lire attentivement les termes et conditions avant de vous inscrire pour vous assurer qu\u2019il n\u2019y a pas de restrictions compliqu\u00e9es. Les tours gratuits de casino sans d\u00e9p\u00f4t et sans t\u00e9l\u00e9chargement ne valent la peine que si vous pouvez vous amuser et qu&#039;il y a la possibilit\u00e9 de gagner des prix. Si le portail de jeux rend son utilisation difficile, il existe de nombreuses meilleures options.<\/p>\n<p>Avant de recevoir une offre de bonus, suivez les \u00e9tapes suivantes :<\/p>\n<h3>Consultez nos meilleures offres de tours gratuits de casino sans d\u00e9p\u00f4t<\/h3>\n<p>Certains des plus grands et des meilleurs casinos en ligne d&#039;Allemagne, agr\u00e9\u00e9s par le Schleswig-Holstein ou par la Malta Gaming Authority, proposent une vari\u00e9t\u00e9 d&#039;offres de tours gratuits incroyables. Ces offres sont particuli\u00e8rement attractives pour les joueurs qui recherchent des opportunit\u00e9s de jeu passionnantes et des chances int\u00e9ressantes de gagner. Pour plus d&#039;informations et de d\u00e9tails sur les meilleurs tours gratuits disponibles, nous vous recommandons de visiter <a href=\"https:\/\/cryptospielen.com\/\">cryptospielen.com<\/a>, o\u00f9 vous pouvez trouver des critiques et des recommandations compl\u00e8tes.<\/p>\n<h3>Lisez attentivement les termes et conditions<\/h3>\n<p>Chaque offre de bonus est accompagn\u00e9e de conditions de bonus. Il est important de lire attentivement et de vous assurer que vous comprenez ces Conditions. M\u00e9fiez-vous des conditions de mise compliqu\u00e9es ou des limites de gains qui pourraient rendre difficile le retrait de vos gains. Vous ne voulez pas perdre votre bonus simplement parce que vous n\u2019avez pas lu attentivement les petits caract\u00e8res, n\u2019est-ce pas ? De nombreux bonus semblent int\u00e9ressants \u00e0 premi\u00e8re vue, mais s\u2019ils comportent de nombreuses restrictions, il vaudrait mieux les \u00e9viter. Choisissez un bonus facile \u00e0 d\u00e9bloquer, m\u00eame s&#039;il est relativement faible. Vous ne pouvez obtenir que 15 tours gratuits de casino en ligne sans d\u00e9p\u00f4t et encaisser plus de 50 tours !<\/p>\n<h3>D\u00e9couvrez si vous pouvez r\u00e9pondre aux conditions de mise<\/h3>\n<p>La plupart des tours gratuits sans d\u00e9p\u00f4t sont actuellement assortis de conditions de mise. Vous devez remplir ces conditions avant de pouvoir retirer vos gains bonus. Tenez compte de l\u2019ampleur des exigences et s\u2019il est r\u00e9aliste pour vous de les remplir avant l\u2019expiration des d\u00e9lais. Si vous ne pouvez pas remplir les conditions \u00e0 temps, vous perdrez tous vos gains bonus.<\/p>\n<h2>Conclusions<\/h2>\n<p>Les tours gratuits sans d\u00e9p\u00f4t sont une excellente offre de bonus dont vous pouvez b\u00e9n\u00e9ficier en tant que joueur de casino. Des tours gratuits de casino en ligne sans d\u00e9p\u00f4t sont \u00e9mis sur de nombreux portails de casino. Mais avant de vous inscrire dans un tel casino, il est important de lire les r\u00e8gles et conditions des bonus. De cette fa\u00e7on, vous d\u00e9couvrirez comment recevoir et utiliser le cadeau bonus.&nbsp;<\/p>\n<p>Si de nombreux joueurs recherchent des casinos en ligne o\u00f9 ils peuvent jouer sans d\u00e9p\u00f4t, il existe \u00e9galement des plateformes comme <a href=\"https:\/\/playzilla.com.de\/\">playzilla.com.de<\/a>, qui propose une large gamme de bonus et de jeux, notamment des paris sportifs et des jeux de casino passionnants. Cette plateforme offre un excellent \u00e9quilibre entre simplicit\u00e9 d&#039;utilisation et large gamme de jeux, id\u00e9ale pour les joueurs d\u00e9butants et exp\u00e9riment\u00e9s.<\/p>\t\t\t\t\t\t\t\t<\/div>\n\t\t\t\t<\/div>\n\t\t\t\t\t<\/div>\n\t\t<\/div>\n\t\t\t\t\t<\/div>\n\t\t<\/section>\n\t\t\t\t<\/div>","protected":false},"excerpt":{"rendered":"<p>BONUS DE BIENVENUE 100% jusqu&#039;\u00e0 600 \u20ac + 60 tours gratuits En savoir plus BONUS SP\u00c9CIAL 150% jusqu&#039;\u00e0 + 150 tours gratuits FORFAIT DE BIENVENUE 77 \u20ac + 77 tours gratuits Les tours gratuits sans d\u00e9p\u00f4t en un coup d&#039;\u0153il De nombreux sites de casino en ligne proposent divers cadeaux bonus. Et comme les machines \u00e0 sous sont l\u2019un des jeux de casino les plus populaires, il n\u2019est pas \u00e9tonnant que de nombreux sites de casino proposent des tours gratuits de casino sans d\u00e9p\u00f4t [\u2026]<\/p>","protected":false},"author":1,"featured_media":0,"parent":0,"menu_order":0,"comment_status":"closed","ping_status":"closed","template":"elementor_header_footer","meta":{"footnotes":""},"class_list":["post-26","page","type-page","status-publish","hentry"],"yoast_head":"<!-- This site is optimized with the Yoast SEO plugin v26.8 - https:\/\/yoast.com\/product\/yoast-seo-wordpress\/ -->\n<title>Spielen ohne Einzahlung 2026 | Jetzt gratis spielen<\/title>\n<meta name=\"description\" content=\"Spiele ohne Einzahlung und echtes Geld gewinnen! Die besten Casino Boni ohne Einzahlung 2026. Jetzt starten &amp; gratis spielen!\" \/>\n<meta name=\"robots\" content=\"index, follow, max-snippet:-1, max-image-preview:large, max-video-preview:-1\" \/>\n<link rel=\"canonical\" href=\"https:\/\/spielenohneeinzahlung.de\/fr\/\" \/>\n<meta property=\"og:locale\" content=\"fr_FR\" \/>\n<meta property=\"og:type\" content=\"article\" \/>\n<meta property=\"og:title\" content=\"Spielen ohne Einzahlung 2026 | Jetzt gratis spielen\" \/>\n<meta property=\"og:description\" content=\"Spiele ohne Einzahlung und echtes Geld gewinnen! Die besten Casino Boni ohne Einzahlung 2026. Jetzt starten &amp; gratis spielen!\" \/>\n<meta property=\"og:url\" content=\"https:\/\/spielenohneeinzahlung.de\/fr\/\" \/>\n<meta property=\"og:site_name\" content=\"Spielenohneeinzahlung.de\" \/>\n<meta property=\"article:modified_time\" content=\"2025-03-19T23:17:44+00:00\" \/>\n<meta name=\"twitter:card\" content=\"summary_large_image\" \/>\n<meta name=\"twitter:label1\" content=\"Dur\u00e9e de lecture estim\u00e9e\" \/>\n\t<meta name=\"twitter:data1\" content=\"7 minutes\" \/>\n<script type=\"application\/ld+json\" class=\"yoast-schema-graph\">{\"@context\":\"https:\/\/schema.org\",\"@graph\":[{\"@type\":\"WebPage\",\"@id\":\"https:\/\/spielenohneeinzahlung.de\/\",\"url\":\"https:\/\/spielenohneeinzahlung.de\/\",\"name\":\"Spielen ohne Einzahlung 2026 | Jetzt gratis spielen\",\"isPartOf\":{\"@id\":\"https:\/\/spielenohneeinzahlung.de\/#website\"},\"datePublished\":\"2023-08-25T16:12:44+00:00\",\"dateModified\":\"2025-03-19T23:17:44+00:00\",\"description\":\"Spiele ohne Einzahlung und echtes Geld gewinnen! Die besten Casino Boni ohne Einzahlung 2026. Jetzt starten & gratis spielen!\",\"breadcrumb\":{\"@id\":\"https:\/\/spielenohneeinzahlung.de\/#breadcrumb\"},\"inLanguage\":\"fr-FR\",\"potentialAction\":[{\"@type\":\"ReadAction\",\"target\":[\"https:\/\/spielenohneeinzahlung.de\/\"]}]},{\"@type\":\"BreadcrumbList\",\"@id\":\"https:\/\/spielenohneeinzahlung.de\/#breadcrumb\",\"itemListElement\":[{\"@type\":\"ListItem\",\"position\":1,\"name\":\"Home\",\"item\":\"https:\/\/spielenohneeinzahlung.de\/\"},{\"@type\":\"ListItem\",\"position\":2,\"name\":\"HOME HERE\"}]},{\"@type\":\"WebSite\",\"@id\":\"https:\/\/spielenohneeinzahlung.de\/#website\",\"url\":\"https:\/\/spielenohneeinzahlung.de\/\",\"name\":\"Spielenohneeinzahlung.de\",\"description\":\"Bonusangebote in deutschen Spielcasinos!\",\"publisher\":{\"@id\":\"https:\/\/spielenohneeinzahlung.de\/#organization\"},\"potentialAction\":[{\"@type\":\"SearchAction\",\"target\":{\"@type\":\"EntryPoint\",\"urlTemplate\":\"https:\/\/spielenohneeinzahlung.de\/?s={search_term_string}\"},\"query-input\":{\"@type\":\"PropertyValueSpecification\",\"valueRequired\":true,\"valueName\":\"search_term_string\"}}],\"inLanguage\":\"fr-FR\"},{\"@type\":\"Organization\",\"@id\":\"https:\/\/spielenohneeinzahlung.de\/#organization\",\"name\":\"Spielenohneeinzahlung.de\",\"url\":\"https:\/\/spielenohneeinzahlung.de\/\",\"logo\":{\"@type\":\"ImageObject\",\"inLanguage\":\"fr-FR\",\"@id\":\"https:\/\/spielenohneeinzahlung.de\/#\/schema\/logo\/image\/\",\"url\":\"https:\/\/spielenohneeinzahlung.de\/wp-content\/uploads\/2023\/08\/logo.png.webp\",\"contentUrl\":\"https:\/\/spielenohneeinzahlung.de\/wp-content\/uploads\/2023\/08\/logo.png.webp\",\"width\":211,\"height\":42,\"caption\":\"Spielenohneeinzahlung.de\"},\"image\":{\"@id\":\"https:\/\/spielenohneeinzahlung.de\/#\/schema\/logo\/image\/\"}}]}<\/script>\n<!-- \/ Yoast SEO plugin. -->","yoast_head_json":{"title":"Spielen ohne Einzahlung 2026 | Jetzt gratis spielen","description":"Spiele ohne Einzahlung und echtes Geld gewinnen! Die besten Casino Boni ohne Einzahlung 2026. Jetzt starten & gratis spielen!","robots":{"index":"index","follow":"follow","max-snippet":"max-snippet:-1","max-image-preview":"max-image-preview:large","max-video-preview":"max-video-preview:-1"},"canonical":"https:\/\/spielenohneeinzahlung.de\/fr\/","og_locale":"fr_FR","og_type":"article","og_title":"Spielen ohne Einzahlung 2026 | Jetzt gratis spielen","og_description":"Spiele ohne Einzahlung und echtes Geld gewinnen! Die besten Casino Boni ohne Einzahlung 2026. Jetzt starten & gratis spielen!","og_url":"https:\/\/spielenohneeinzahlung.de\/fr\/","og_site_name":"Spielenohneeinzahlung.de","article_modified_time":"2025-03-19T23:17:44+00:00","twitter_card":"summary_large_image","twitter_misc":{"Dur\u00e9e de lecture estim\u00e9e":"7 minutes"},"schema":{"@context":"https:\/\/schema.org","@graph":[{"@type":"WebPage","@id":"https:\/\/spielenohneeinzahlung.de\/","url":"https:\/\/spielenohneeinzahlung.de\/","name":"Spielen ohne Einzahlung 2026 | Jetzt gratis spielen","isPartOf":{"@id":"https:\/\/spielenohneeinzahlung.de\/#website"},"datePublished":"2023-08-25T16:12:44+00:00","dateModified":"2025-03-19T23:17:44+00:00","description":"Spiele ohne Einzahlung und echtes Geld gewinnen! Die besten Casino Boni ohne Einzahlung 2026. Jetzt starten & gratis spielen!","breadcrumb":{"@id":"https:\/\/spielenohneeinzahlung.de\/#breadcrumb"},"inLanguage":"fr-FR","potentialAction":[{"@type":"ReadAction","target":["https:\/\/spielenohneeinzahlung.de\/"]}]},{"@type":"BreadcrumbList","@id":"https:\/\/spielenohneeinzahlung.de\/#breadcrumb","itemListElement":[{"@type":"ListItem","position":1,"name":"Home","item":"https:\/\/spielenohneeinzahlung.de\/"},{"@type":"ListItem","position":2,"name":"HOME HERE"}]},{"@type":"WebSite","@id":"https:\/\/spielenohneeinzahlung.de\/#website","url":"https:\/\/spielenohneeinzahlung.de\/","name":"Jouez sans d\u00e9p\u00f4t.de","description":"Offres de bonus dans les casinos allemands !","publisher":{"@id":"https:\/\/spielenohneeinzahlung.de\/#organization"},"potentialAction":[{"@type":"SearchAction","target":{"@type":"EntryPoint","urlTemplate":"https:\/\/spielenohneeinzahlung.de\/?s={search_term_string}"},"query-input":{"@type":"PropertyValueSpecification","valueRequired":true,"valueName":"search_term_string"}}],"inLanguage":"fr-FR"},{"@type":"Organization","@id":"https:\/\/spielenohneeinzahlung.de\/#organization","name":"Jouez sans d\u00e9p\u00f4t.de","url":"https:\/\/spielenohneeinzahlung.de\/","logo":{"@type":"ImageObject","inLanguage":"fr-FR","@id":"https:\/\/spielenohneeinzahlung.de\/#\/schema\/logo\/image\/","url":"https:\/\/spielenohneeinzahlung.de\/wp-content\/uploads\/2023\/08\/logo.png.webp","contentUrl":"https:\/\/spielenohneeinzahlung.de\/wp-content\/uploads\/2023\/08\/logo.png.webp","width":211,"height":42,"caption":"Spielenohneeinzahlung.de"},"image":{"@id":"https:\/\/spielenohneeinzahlung.de\/#\/schema\/logo\/image\/"}}]}},"_links":{"self":[{"href":"https:\/\/spielenohneeinzahlung.de\/fr\/wp-json\/wp\/v2\/pages\/26","targetHints":{"allow":["GET"]}}],"collection":[{"href":"https:\/\/spielenohneeinzahlung.de\/fr\/wp-json\/wp\/v2\/pages"}],"about":[{"href":"https:\/\/spielenohneeinzahlung.de\/fr\/wp-json\/wp\/v2\/types\/page"}],"author":[{"embeddable":true,"href":"https:\/\/spielenohneeinzahlung.de\/fr\/wp-json\/wp\/v2\/users\/1"}],"replies":[{"embeddable":true,"href":"https:\/\/spielenohneeinzahlung.de\/fr\/wp-json\/wp\/v2\/comments?post=26"}],"version-history":[{"count":96,"href":"https:\/\/spielenohneeinzahlung.de\/fr\/wp-json\/wp\/v2\/pages\/26\/revisions"}],"predecessor-version":[{"id":634,"href":"https:\/\/spielenohneeinzahlung.de\/fr\/wp-json\/wp\/v2\/pages\/26\/revisions\/634"}],"wp:attachment":[{"href":"https:\/\/spielenohneeinzahlung.de\/fr\/wp-json\/wp\/v2\/media?parent=26"}],"curies":[{"name":"wp","href":"https:\/\/api.w.org\/{rel}","templated":true}]}}