{"id":506,"date":"2023-09-04T11:27:32","date_gmt":"2023-09-04T11:27:32","guid":{"rendered":"https:\/\/spielenohneeinzahlung.de\/?page_id=506"},"modified":"2023-09-04T11:27:32","modified_gmt":"2023-09-04T11:27:32","slug":"70-freispiele-ohne-einzahlung","status":"publish","type":"page","link":"https:\/\/spielenohneeinzahlung.de\/fr\/freispiele\/70-freispiele-ohne-einzahlung\/","title":{"rendered":"70 tours gratuits sans d\u00e9p\u00f4t"},"content":{"rendered":"<p>Dans un casino de qualit\u00e9, vous pouvez \u00eatre r\u00e9compens\u00e9 par de nombreuses offres de bonus diff\u00e9rentes. Il s&#039;agit principalement des bonus de d\u00e9p\u00f4t et de nombreux types de bonus de casino sans d\u00e9p\u00f4t. Lorsqu\u2019un bonus sans d\u00e9p\u00f4t de casino en ligne est propos\u00e9, cela signifie qu\u2019il n\u2019est pas n\u00e9cessaire de payer d\u2019argent pour \u00eatre r\u00e9compens\u00e9 par ce prix.<\/p>\n<p>Il existe d\u2019innombrables types de cette offre de bonus. 70 tours gratuits sans d\u00e9p\u00f4t sont le meilleur que vous puissiez obtenir dans un casino. Vous pouvez par ex. B. obtenez cette offre de bonus apr\u00e8s l&#039;inscription. Mais ce bonus peut \u00eatre offert comme un autre prix bonus. Les autres moyens les plus populaires de recevoir ce cadeau bonus sont les programmes et promotions VIP. Nous rendrons \u00e9galement compte des caract\u00e9ristiques de ce cadeau bonus.<\/p>\n<h2 class=\"SxMNj2-zZqR\">Les 70 meilleurs tours gratuits sans d\u00e9p\u00f4t en Allemagne<\/h2>\n<p>Dans les casinos en ligne populaires en Allemagne, vous pouvez \u00e9galement obtenir un bonus de casino en ligne sans d\u00e9p\u00f4t de 70 tours gratuits. Quels types de cette offre sont tr\u00e8s avantageux et int\u00e9ressants\u00a0? Si vous n&#039;avez jamais re\u00e7u une telle offre de bonus auparavant, faites attention aux variantes suivantes :<\/p>\n<ul class=\"BJgN7SE92\">\n<li class=\"WedNyw\">\u00a070 tours gratuits en bonus pour les clients nouvellement enregistr\u00e9s<\/li>\n<li class=\"WedNyw\">\u00a0Bonus VIP<\/li>\n<li class=\"WedNyw\">\u00a0Cadeau promotionnel<\/li>\n<li class=\"WedNyw\">\u00a0Casinos en ligne High Roller Bonus sans d\u00e9p\u00f4t<\/li>\n<\/ul>\n<p>Certaines offres de bonus n\u2019ont aucune condition de mise. Si vous souhaitez \u00e9conomiser sur vos propres co\u00fbts, nous vous recommandons d&#039;utiliser cette offre de bonus. De cette fa\u00e7on, vous pouvez gagner beaucoup d\u2019argent r\u00e9el m\u00eame si vous n\u2019avez rien d\u00e9pos\u00e9.<\/p>\n<h2 class=\"SxMNj2-zZqR\">70 tours gratuits sans d\u00e9poser d&#039;argent en 2022<\/h2>\n<p>En 2022, de nouvelles variantes de ce cadeau bonus sont apparues dans les casinos en ligne. De plus en plus de casinos sur Internet ajoutent ce fascinant bonus sans d\u00e9p\u00f4t de jeux de machines \u00e0 sous en ligne \u00e0 leurs collections de machines \u00e0 sous. R\u00e9clamez les prix bonus suivants\u00a0:<\/p>\n<ul class=\"BJgN7SE92\">\n<li class=\"WedNyw\">\u00a0Tours gratuits avec un bonus sp\u00e9cial de casino en argent r\u00e9el sans d\u00e9p\u00f4t<\/li>\n<li class=\"WedNyw\">\u00a0Bonus sans conditions de mise<\/li>\n<li class=\"WedNyw\">\u00a0Bonus pour les machines \u00e0 sous<\/li>\n<li class=\"WedNyw\">\u00a0Bonus de mise \u00e9lev\u00e9s<\/li>\n<\/ul>\n<h2 class=\"SxMNj2-zZqR\">70 tours gratuits sans d\u00e9poser d&#039;argent en janvier<\/h2>\n<p>Si vous aimez les jeux de casino, vous aimeriez savoir quels prix bonus sont compatibles avec vos jeux pr\u00e9f\u00e9r\u00e9s. Veuillez noter que certaines promotions bonus ont une dur\u00e9e limit\u00e9e. Par exemple, il vous sera peut-\u00eatre demand\u00e9 de saisir un code bonus de casino sans d\u00e9p\u00f4t. Toutefois, cela n\u2019est pas toujours n\u00e9cessaire.<\/p>\n<h2 class=\"SxMNj2-zZqR\">70 tours gratuits sans conditions de mise<\/h2>\n<p>La plupart des offres sont soumises \u00e0 des conditions de mise. Qu&#039;est-ce que cela signifie? Cela signifie que vos gains en esp\u00e8ces que vous avez re\u00e7us gr\u00e2ce aux offres de bonus doivent \u00eatre mis\u00e9s. Chaque casino en ligne a ses propres conditions de mise. Donc, avant de b\u00e9n\u00e9ficier d\u2019une offre de bonus, assurez-vous qu\u2019elle est soumise \u00e0 des conditions de mise faciles \u00e0 remplir.<\/p>\n<p>Certains types de jeux de machines \u00e0 sous, les bonus sans d\u00e9p\u00f4t en argent r\u00e9el ne sont soumis \u00e0 aucune condition de mise. Et il n&#039;est pas n\u00e9cessaire de mettre en \u0153uvre l&#039;offre. Mais vous ne rencontrez pas tr\u00e8s souvent cette offre de bonus.<\/p>\n<h2 class=\"SxMNj2-zZqR\">70 tours gratuits sur les meilleurs jeux de casino<\/h2>\n<p>Normalement, le bonus de tours gratuits n&#039;est compatible qu&#039;avec le jeu de casino identifi\u00e9. Et aucun jeu de casino ne convient \u00e0 cela. Assurez-vous d&#039;aimer la machine \u00e0 sous sur laquelle vous pouvez utiliser l&#039;offre de bonus.<\/p>\n<p>En r\u00e8gle g\u00e9n\u00e9rale, les machines \u00e0 sous populaires sont s\u00e9lectionn\u00e9es. Ces jeux sont cr\u00e9\u00e9s par des fabricants renomm\u00e9s. Si vous aimez les machines \u00e0 sous populaires, un bonus comme celui-ci est une v\u00e9ritable trouvaille. Et parfois, vous avez la possibilit\u00e9 d\u2019utiliser l\u2019offre de bonus sur plusieurs machines \u00e0 sous.<\/p>\n<h3 class=\"oJTWNXFVOtla\">Consid\u00e9rez les \u00e9l\u00e9ments suivants concernant 70 tours gratuits<\/h3>\n<p>Veuillez noter certaines conditions de bonus si vous souhaitez jouer aux machines \u00e0 sous en ligne sans d\u00e9p\u00f4t. Ceux-ci sont:<\/p>\n<ul class=\"BJgN7SE92\">\n<li class=\"WedNyw\">\u00a0Le nombre de tours gratuits disponibles<\/li>\n<li class=\"WedNyw\">\u00a0Exigences de ventes et de bonus<\/li>\n<li class=\"WedNyw\">\u00a0Jeux de machines \u00e0 sous disponibles<\/li>\n<li class=\"WedNyw\">\u00a0La mise minimale et maximale que vous pouvez d\u00e9finir si vous jouez avec l&#039;offre de bonus<\/li>\n<li class=\"WedNyw\">\u00a0Les d\u00e9lais d\u2019utilisation du cadeau bonus<\/li>\n<\/ul>\n<h3 class=\"oJTWNXFVOtla\">Qu&#039;entendez-vous par tours gratuits ?<\/h3>\n<p>En g\u00e9n\u00e9ral, les tours gratuits sont les tours gratuits des rouleaux d&#039;une machine \u00e0 sous. Vous pouvez soit activer ces tours pendant le processus de jeu, soit les recevoir sous forme de bonus. Les r\u00e8gles d\u00e9pendent du jeu de casino. Parfois, vous devez cr\u00e9er une certaine combinaison de symboles. Mais parfois, les tours gratuits peuvent simplement \u00eatre d\u00e9clench\u00e9s de mani\u00e8re al\u00e9atoire.<\/p>\n<p>La deuxi\u00e8me fa\u00e7on consiste \u00e0 utiliser 70 tours gratuits comme bonus de casino. Vous pouvez obtenir ce bonus selon certaines r\u00e8gles. En r\u00e8gle g\u00e9n\u00e9rale, vous serez r\u00e9compens\u00e9 par cette offre de bonus imm\u00e9diatement apr\u00e8s votre inscription !<\/p>\n<h4>Types de tours gratuits<\/h4>\n<p>Il existe de nombreuses variantes de tours gratuits que vous pouvez activer sur une machine \u00e0 sous. Malheureusement, nous n&#039;avons pas assez de place pour tous les nommer. Les bonus de tours gratuits les plus populaires incluent\u00a0:<\/p>\n<ul class=\"BJgN7SE92\">\n<li class=\"WedNyw\">\u00a0Tours gratuits ordinaires<\/li>\n<li class=\"WedNyw\">\u00a0Tours gratuits avec multiplicateurs<\/li>\n<li class=\"WedNyw\">\u00a0Tours gratuits renouvelables<\/li>\n<li class=\"WedNyw\">\u00a0Tours gratuits avec symboles bonus<\/li>\n<li class=\"WedNyw\">\u00a0Tours gratuits avec des jokers en expansion<\/li>\n<li class=\"WedNyw\">\u00a0Tours gratuits avec des \u00e9l\u00e9ments d&#039;un tour de bonus th\u00e9matique<\/li>\n<\/ul>\n<p>En r\u00e8gle g\u00e9n\u00e9rale, lorsque vous obtenez des tours gratuits dans le cadre d&#039;un programme de bonus, vous obtenez de simples tours gratuits sans fonctionnalit\u00e9s ni symboles suppl\u00e9mentaires. Mais dans certains casinos, des tours gratuits sp\u00e9ciaux sont propos\u00e9s.<\/p>\n<h4>\u00c0 quoi ressemble un bonus classique de 70 tours gratuits ?<\/h4>\n<p>Vous recevrez cette offre en tant que bonus nouveau client. Et il n\u2019est pas n\u00e9cessaire de payer pour cela. Mais suivez toujours les conditions de bonus de votre offre de bonus.<\/p>\n<h2 class=\"SxMNj2-zZqR\">Obtenez vos 70 tours gratuits\u00a0!<\/h2>\n<p>Pour r\u00e9clamer des tours gratuits sous forme d\u2019offre de bonus, suivez ce guide\u00a0:<\/p>\n<ul class=\"BJgN7SE92\">\n<li class=\"WedNyw\">\u00a0Trouvez un casino fiable avec des bonus.<\/li>\n<li class=\"WedNyw\">\u00a0Inscrivez-vous l\u00e0-bas.<\/li>\n<li class=\"WedNyw\">\u00a0Entrez un code bonus de casino sans d\u00e9p\u00f4t si n\u00e9cessaire.<\/li>\n<li class=\"WedNyw\">\u00a0Obtenez votre prix bonus\u00a0!<\/li>\n<\/ul>\n<p>Il n&#039;est donc pas difficile d&#039;\u00eatre r\u00e9compens\u00e9 par un excellent bonus de tours gratuits. Cette offre de bonus lucrative ne laissera aucun fan de machines \u00e0 sous indiff\u00e9rent\u00a0!<\/p>","protected":false},"excerpt":{"rendered":"<p>Dans un casino de qualit\u00e9, vous pouvez \u00eatre r\u00e9compens\u00e9 par de nombreuses offres de bonus diff\u00e9rentes. Il s&#039;agit principalement des bonus de d\u00e9p\u00f4t et de nombreux types de bonus de casino sans d\u00e9p\u00f4t. Lorsqu\u2019un bonus sans d\u00e9p\u00f4t de casino en ligne est propos\u00e9, cela signifie qu\u2019il n\u2019est pas n\u00e9cessaire de payer d\u2019argent pour \u00eatre r\u00e9compens\u00e9 par ce prix. Il y a [\u2026]<\/p>","protected":false},"author":1,"featured_media":0,"parent":219,"menu_order":0,"comment_status":"closed","ping_status":"closed","template":"","meta":{"footnotes":""},"class_list":["post-506","page","type-page","status-publish","hentry"],"yoast_head":"<!-- This site is optimized with the Yoast SEO plugin v26.8 - https:\/\/yoast.com\/product\/yoast-seo-wordpress\/ -->\n<title>70 Freispiele Ohne Einzahlung - Spielenohneeinzahlung.de<\/title>\n<meta name=\"robots\" content=\"index, follow, max-snippet:-1, max-image-preview:large, max-video-preview:-1\" \/>\n<link rel=\"canonical\" href=\"https:\/\/spielenohneeinzahlung.de\/fr\/freispiele\/70-freispiele-ohne-einzahlung\/\" \/>\n<meta property=\"og:locale\" content=\"fr_FR\" \/>\n<meta property=\"og:type\" content=\"article\" \/>\n<meta property=\"og:title\" content=\"70 Freispiele Ohne Einzahlung - Spielenohneeinzahlung.de\" \/>\n<meta property=\"og:description\" content=\"In einem qualitativen Kasino k\u00f6nnen Sie mit vielen unterschiedlichen Bonus-Angeboten ausgezeichnet werden. Dazu geh\u00f6ren in erster Linie Einzahlungsboni und zahlreiche Arten von einem Casino Bonus ohne Einzahlung. Wenn ein Online Casino Bonus ohne Einzahlung angeboten wird, bedeutet dies, dass es keine Notwendigkeit gibt, Geld zu bezahlen, um mit diesem Preis belohnt zu werden. Es gibt [&hellip;]\" \/>\n<meta property=\"og:url\" content=\"https:\/\/spielenohneeinzahlung.de\/fr\/freispiele\/70-freispiele-ohne-einzahlung\/\" \/>\n<meta property=\"og:site_name\" content=\"Spielenohneeinzahlung.de\" \/>\n<meta name=\"twitter:card\" content=\"summary_large_image\" \/>\n<meta name=\"twitter:label1\" content=\"Dur\u00e9e de lecture estim\u00e9e\" \/>\n\t<meta name=\"twitter:data1\" content=\"4 minutes\" \/>\n<script type=\"application\/ld+json\" class=\"yoast-schema-graph\">{\"@context\":\"https:\/\/schema.org\",\"@graph\":[{\"@type\":\"WebPage\",\"@id\":\"https:\/\/spielenohneeinzahlung.de\/freispiele\/70-freispiele-ohne-einzahlung\/\",\"url\":\"https:\/\/spielenohneeinzahlung.de\/freispiele\/70-freispiele-ohne-einzahlung\/\",\"name\":\"70 Freispiele Ohne Einzahlung - Spielenohneeinzahlung.de\",\"isPartOf\":{\"@id\":\"https:\/\/spielenohneeinzahlung.de\/#website\"},\"datePublished\":\"2023-09-04T11:27:32+00:00\",\"breadcrumb\":{\"@id\":\"https:\/\/spielenohneeinzahlung.de\/freispiele\/70-freispiele-ohne-einzahlung\/#breadcrumb\"},\"inLanguage\":\"fr-FR\",\"potentialAction\":[{\"@type\":\"ReadAction\",\"target\":[\"https:\/\/spielenohneeinzahlung.de\/freispiele\/70-freispiele-ohne-einzahlung\/\"]}]},{\"@type\":\"BreadcrumbList\",\"@id\":\"https:\/\/spielenohneeinzahlung.de\/freispiele\/70-freispiele-ohne-einzahlung\/#breadcrumb\",\"itemListElement\":[{\"@type\":\"ListItem\",\"position\":1,\"name\":\"Home\",\"item\":\"https:\/\/spielenohneeinzahlung.de\/\"},{\"@type\":\"ListItem\",\"position\":2,\"name\":\"Freispiele\",\"item\":\"https:\/\/spielenohneeinzahlung.de\/freispiele\/\"},{\"@type\":\"ListItem\",\"position\":3,\"name\":\"70 Freispiele Ohne Einzahlung\"}]},{\"@type\":\"WebSite\",\"@id\":\"https:\/\/spielenohneeinzahlung.de\/#website\",\"url\":\"https:\/\/spielenohneeinzahlung.de\/\",\"name\":\"Spielenohneeinzahlung.de\",\"description\":\"Bonusangebote in deutschen Spielcasinos!\",\"publisher\":{\"@id\":\"https:\/\/spielenohneeinzahlung.de\/#organization\"},\"potentialAction\":[{\"@type\":\"SearchAction\",\"target\":{\"@type\":\"EntryPoint\",\"urlTemplate\":\"https:\/\/spielenohneeinzahlung.de\/?s={search_term_string}\"},\"query-input\":{\"@type\":\"PropertyValueSpecification\",\"valueRequired\":true,\"valueName\":\"search_term_string\"}}],\"inLanguage\":\"fr-FR\"},{\"@type\":\"Organization\",\"@id\":\"https:\/\/spielenohneeinzahlung.de\/#organization\",\"name\":\"Spielenohneeinzahlung.de\",\"url\":\"https:\/\/spielenohneeinzahlung.de\/\",\"logo\":{\"@type\":\"ImageObject\",\"inLanguage\":\"fr-FR\",\"@id\":\"https:\/\/spielenohneeinzahlung.de\/#\/schema\/logo\/image\/\",\"url\":\"https:\/\/spielenohneeinzahlung.de\/wp-content\/uploads\/2023\/08\/logo.png.webp\",\"contentUrl\":\"https:\/\/spielenohneeinzahlung.de\/wp-content\/uploads\/2023\/08\/logo.png.webp\",\"width\":211,\"height\":42,\"caption\":\"Spielenohneeinzahlung.de\"},\"image\":{\"@id\":\"https:\/\/spielenohneeinzahlung.de\/#\/schema\/logo\/image\/\"}}]}<\/script>\n<!-- \/ Yoast SEO plugin. -->","yoast_head_json":{"title":"70 Freispiele Ohne Einzahlung - Spielenohneeinzahlung.de","robots":{"index":"index","follow":"follow","max-snippet":"max-snippet:-1","max-image-preview":"max-image-preview:large","max-video-preview":"max-video-preview:-1"},"canonical":"https:\/\/spielenohneeinzahlung.de\/fr\/freispiele\/70-freispiele-ohne-einzahlung\/","og_locale":"fr_FR","og_type":"article","og_title":"70 Freispiele Ohne Einzahlung - Spielenohneeinzahlung.de","og_description":"In einem qualitativen Kasino k\u00f6nnen Sie mit vielen unterschiedlichen Bonus-Angeboten ausgezeichnet werden. Dazu geh\u00f6ren in erster Linie Einzahlungsboni und zahlreiche Arten von einem Casino Bonus ohne Einzahlung. Wenn ein Online Casino Bonus ohne Einzahlung angeboten wird, bedeutet dies, dass es keine Notwendigkeit gibt, Geld zu bezahlen, um mit diesem Preis belohnt zu werden. Es gibt [&hellip;]","og_url":"https:\/\/spielenohneeinzahlung.de\/fr\/freispiele\/70-freispiele-ohne-einzahlung\/","og_site_name":"Spielenohneeinzahlung.de","twitter_card":"summary_large_image","twitter_misc":{"Dur\u00e9e de lecture estim\u00e9e":"4 minutes"},"schema":{"@context":"https:\/\/schema.org","@graph":[{"@type":"WebPage","@id":"https:\/\/spielenohneeinzahlung.de\/freispiele\/70-freispiele-ohne-einzahlung\/","url":"https:\/\/spielenohneeinzahlung.de\/freispiele\/70-freispiele-ohne-einzahlung\/","name":"70 Freispiele Ohne Einzahlung - Spielenohneeinzahlung.de","isPartOf":{"@id":"https:\/\/spielenohneeinzahlung.de\/#website"},"datePublished":"2023-09-04T11:27:32+00:00","breadcrumb":{"@id":"https:\/\/spielenohneeinzahlung.de\/freispiele\/70-freispiele-ohne-einzahlung\/#breadcrumb"},"inLanguage":"fr-FR","potentialAction":[{"@type":"ReadAction","target":["https:\/\/spielenohneeinzahlung.de\/freispiele\/70-freispiele-ohne-einzahlung\/"]}]},{"@type":"BreadcrumbList","@id":"https:\/\/spielenohneeinzahlung.de\/freispiele\/70-freispiele-ohne-einzahlung\/#breadcrumb","itemListElement":[{"@type":"ListItem","position":1,"name":"Home","item":"https:\/\/spielenohneeinzahlung.de\/"},{"@type":"ListItem","position":2,"name":"Freispiele","item":"https:\/\/spielenohneeinzahlung.de\/freispiele\/"},{"@type":"ListItem","position":3,"name":"70 Freispiele Ohne Einzahlung"}]},{"@type":"WebSite","@id":"https:\/\/spielenohneeinzahlung.de\/#website","url":"https:\/\/spielenohneeinzahlung.de\/","name":"Jouez sans d\u00e9p\u00f4t.de","description":"Offres de bonus dans les casinos allemands !","publisher":{"@id":"https:\/\/spielenohneeinzahlung.de\/#organization"},"potentialAction":[{"@type":"SearchAction","target":{"@type":"EntryPoint","urlTemplate":"https:\/\/spielenohneeinzahlung.de\/?s={search_term_string}"},"query-input":{"@type":"PropertyValueSpecification","valueRequired":true,"valueName":"search_term_string"}}],"inLanguage":"fr-FR"},{"@type":"Organization","@id":"https:\/\/spielenohneeinzahlung.de\/#organization","name":"Jouez sans d\u00e9p\u00f4t.de","url":"https:\/\/spielenohneeinzahlung.de\/","logo":{"@type":"ImageObject","inLanguage":"fr-FR","@id":"https:\/\/spielenohneeinzahlung.de\/#\/schema\/logo\/image\/","url":"https:\/\/spielenohneeinzahlung.de\/wp-content\/uploads\/2023\/08\/logo.png.webp","contentUrl":"https:\/\/spielenohneeinzahlung.de\/wp-content\/uploads\/2023\/08\/logo.png.webp","width":211,"height":42,"caption":"Spielenohneeinzahlung.de"},"image":{"@id":"https:\/\/spielenohneeinzahlung.de\/#\/schema\/logo\/image\/"}}]}},"_links":{"self":[{"href":"https:\/\/spielenohneeinzahlung.de\/fr\/wp-json\/wp\/v2\/pages\/506","targetHints":{"allow":["GET"]}}],"collection":[{"href":"https:\/\/spielenohneeinzahlung.de\/fr\/wp-json\/wp\/v2\/pages"}],"about":[{"href":"https:\/\/spielenohneeinzahlung.de\/fr\/wp-json\/wp\/v2\/types\/page"}],"author":[{"embeddable":true,"href":"https:\/\/spielenohneeinzahlung.de\/fr\/wp-json\/wp\/v2\/users\/1"}],"replies":[{"embeddable":true,"href":"https:\/\/spielenohneeinzahlung.de\/fr\/wp-json\/wp\/v2\/comments?post=506"}],"version-history":[{"count":1,"href":"https:\/\/spielenohneeinzahlung.de\/fr\/wp-json\/wp\/v2\/pages\/506\/revisions"}],"predecessor-version":[{"id":507,"href":"https:\/\/spielenohneeinzahlung.de\/fr\/wp-json\/wp\/v2\/pages\/506\/revisions\/507"}],"up":[{"embeddable":true,"href":"https:\/\/spielenohneeinzahlung.de\/fr\/wp-json\/wp\/v2\/pages\/219"}],"wp:attachment":[{"href":"https:\/\/spielenohneeinzahlung.de\/fr\/wp-json\/wp\/v2\/media?parent=506"}],"curies":[{"name":"wp","href":"https:\/\/api.w.org\/{rel}","templated":true}]}}