{"id":523,"date":"2023-09-04T21:02:56","date_gmt":"2023-09-04T21:02:56","guid":{"rendered":"https:\/\/spielenohneeinzahlung.de\/?page_id=523"},"modified":"2023-09-04T21:14:40","modified_gmt":"2023-09-04T21:14:40","slug":"starburst-slot","status":"publish","type":"page","link":"https:\/\/spielenohneeinzahlung.de\/fr\/starburst-slot\/","title":{"rendered":"Emplacement \u00e9toile"},"content":{"rendered":"<div data-elementor-type=\"wp-page\" data-elementor-id=\"523\" class=\"elementor elementor-523\" data-elementor-post-type=\"page\">\n\t\t\t\t\t\t<section class=\"elementor-section elementor-top-section elementor-element elementor-element-d784632 elementor-section-boxed elementor-section-height-default elementor-section-height-default\" data-id=\"d784632\" data-element_type=\"section\">\n\t\t\t\t\t\t<div class=\"elementor-container elementor-column-gap-default\">\n\t\t\t\t\t<div class=\"elementor-column elementor-col-100 elementor-top-column elementor-element elementor-element-d287bfd\" data-id=\"d287bfd\" data-element_type=\"column\">\n\t\t\t<div class=\"elementor-widget-wrap elementor-element-populated\">\n\t\t\t\t\t\t<div class=\"elementor-element elementor-element-833e5fd elementor-widget elementor-widget-heading\" data-id=\"833e5fd\" data-element_type=\"widget\" data-widget_type=\"heading.default\">\n\t\t\t\t<div class=\"elementor-widget-container\">\n\t\t\t\t\t<h1 class=\"elementor-heading-title elementor-size-default\">Machine \u00e0 sous Starburst\u00a0: une machine \u00e0 sous pas comme les autres\n<\/h1>\t\t\t\t<\/div>\n\t\t\t\t<\/div>\n\t\t\t\t<section class=\"elementor-section elementor-inner-section elementor-element elementor-element-c87b671 elementor-section-boxed elementor-section-height-default elementor-section-height-default\" data-id=\"c87b671\" data-element_type=\"section\">\n\t\t\t\t\t\t<div class=\"elementor-container elementor-column-gap-default\">\n\t\t\t\t\t<div class=\"elementor-column elementor-col-33 elementor-inner-column elementor-element elementor-element-9bd946b\" data-id=\"9bd946b\" data-element_type=\"column\">\n\t\t\t<div class=\"elementor-widget-wrap\">\n\t\t\t\t\t\t\t<\/div>\n\t\t<\/div>\n\t\t\t\t<div class=\"elementor-column elementor-col-33 elementor-inner-column elementor-element elementor-element-8e4cbad\" data-id=\"8e4cbad\" data-element_type=\"column\">\n\t\t\t<div class=\"elementor-widget-wrap elementor-element-populated\">\n\t\t\t\t\t\t<div class=\"elementor-element elementor-element-6b0fafd elementor-widget elementor-widget-text-editor\" data-id=\"6b0fafd\" data-element_type=\"widget\" data-widget_type=\"text-editor.default\">\n\t\t\t\t<div class=\"elementor-widget-container\">\n\t\t\t\t\t\t\t\t\t<p><iframe src=\"https:\/\/demo-cdn.net\/58131afda8c68023e9fd3349?refcode=free\" width=\"800\" height=\"600\" data-ruffle-polyfilled=\"\"><\/iframe><\/p>\t\t\t\t\t\t\t\t<\/div>\n\t\t\t\t<\/div>\n\t\t\t\t\t<\/div>\n\t\t<\/div>\n\t\t\t\t<div class=\"elementor-column elementor-col-33 elementor-inner-column elementor-element elementor-element-2d2d7f0\" data-id=\"2d2d7f0\" data-element_type=\"column\">\n\t\t\t<div class=\"elementor-widget-wrap\">\n\t\t\t\t\t\t\t<\/div>\n\t\t<\/div>\n\t\t\t\t\t<\/div>\n\t\t<\/section>\n\t\t\t\t<section class=\"elementor-section elementor-inner-section elementor-element elementor-element-5b5deb7 elementor-section-boxed elementor-section-height-default elementor-section-height-default\" data-id=\"5b5deb7\" data-element_type=\"section\" data-settings=\"{&quot;background_background&quot;:&quot;classic&quot;}\">\n\t\t\t\t\t\t<div class=\"elementor-container elementor-column-gap-default\">\n\t\t\t\t\t<div class=\"elementor-column elementor-col-50 elementor-inner-column elementor-element elementor-element-4749741\" data-id=\"4749741\" data-element_type=\"column\">\n\t\t\t<div class=\"elementor-widget-wrap elementor-element-populated\">\n\t\t\t\t\t\t<div class=\"elementor-element elementor-element-e00f66f elementor-icon-list--layout-traditional elementor-list-item-link-full_width elementor-widget elementor-widget-icon-list\" data-id=\"e00f66f\" data-element_type=\"widget\" data-widget_type=\"icon-list.default\">\n\t\t\t\t<div class=\"elementor-widget-container\">\n\t\t\t\t\t\t\t<ul class=\"elementor-icon-list-items\">\n\t\t\t\t\t\t\t<li class=\"elementor-icon-list-item\">\n\t\t\t\t\t\t\t\t\t\t\t<span class=\"elementor-icon-list-icon\">\n\t\t\t\t\t\t\t<i aria-hidden=\"true\" class=\"fas fa-circle\"><\/i>\t\t\t\t\t\t<\/span>\n\t\t\t\t\t\t\t\t\t\t<span class=\"elementor-icon-list-text\">Logiciel : NetEnt<\/span>\n\t\t\t\t\t\t\t\t\t<\/li>\n\t\t\t\t\t\t\t\t<li class=\"elementor-icon-list-item\">\n\t\t\t\t\t\t\t\t\t\t\t<span class=\"elementor-icon-list-icon\">\n\t\t\t\t\t\t\t<i aria-hidden=\"true\" class=\"fas fa-circle\"><\/i>\t\t\t\t\t\t<\/span>\n\t\t\t\t\t\t\t\t\t\t<span class=\"elementor-icon-list-text\">Lignes de paiement\u00a0:\u00a010<\/span>\n\t\t\t\t\t\t\t\t\t<\/li>\n\t\t\t\t\t\t\t\t<li class=\"elementor-icon-list-item\">\n\t\t\t\t\t\t\t\t\t\t\t<span class=\"elementor-icon-list-icon\">\n\t\t\t\t\t\t\t<i aria-hidden=\"true\" class=\"fas fa-circle\"><\/i>\t\t\t\t\t\t<\/span>\n\t\t\t\t\t\t\t\t\t\t<span class=\"elementor-icon-list-text\">Taille minimale de la pi\u00e8ce\u00a0:\u00a00,01<\/span>\n\t\t\t\t\t\t\t\t\t<\/li>\n\t\t\t\t\t\t\t\t<li class=\"elementor-icon-list-item\">\n\t\t\t\t\t\t\t\t\t\t\t<span class=\"elementor-icon-list-icon\">\n\t\t\t\t\t\t\t<i aria-hidden=\"true\" class=\"fas fa-circle\"><\/i>\t\t\t\t\t\t<\/span>\n\t\t\t\t\t\t\t\t\t\t<span class=\"elementor-icon-list-text\">Gros lot\u00a0: 250<\/span>\n\t\t\t\t\t\t\t\t\t<\/li>\n\t\t\t\t\t\t\t\t<li class=\"elementor-icon-list-item\">\n\t\t\t\t\t\t\t\t\t\t\t<span class=\"elementor-icon-list-icon\">\n\t\t\t\t\t\t\t<i aria-hidden=\"true\" class=\"fas fa-circle\"><\/i>\t\t\t\t\t\t<\/span>\n\t\t\t\t\t\t\t\t\t\t<span class=\"elementor-icon-list-text\">D\u00e9but\u00a0:\u00a01\u00a0mars\u00a02014<\/span>\n\t\t\t\t\t\t\t\t\t<\/li>\n\t\t\t\t\t\t\t\t<li class=\"elementor-icon-list-item\">\n\t\t\t\t\t\t\t\t\t\t\t<span class=\"elementor-icon-list-icon\">\n\t\t\t\t\t\t\t<i aria-hidden=\"true\" class=\"fas fa-circle\"><\/i>\t\t\t\t\t\t<\/span>\n\t\t\t\t\t\t\t\t\t\t<span class=\"elementor-icon-list-text\">Bonus quotidiens\u00a0:\u00a010<\/span>\n\t\t\t\t\t\t\t\t\t<\/li>\n\t\t\t\t\t\t\t\t<li class=\"elementor-icon-list-item\">\n\t\t\t\t\t\t\t\t\t\t\t<span class=\"elementor-icon-list-icon\">\n\t\t\t\t\t\t\t<i aria-hidden=\"true\" class=\"fas fa-circle\"><\/i>\t\t\t\t\t\t<\/span>\n\t\t\t\t\t\t\t\t\t\t<span class=\"elementor-icon-list-text\">Tours gratuits\u00a0:\u00a012<\/span>\n\t\t\t\t\t\t\t\t\t<\/li>\n\t\t\t\t\t\t\t\t<li class=\"elementor-icon-list-item\">\n\t\t\t\t\t\t\t\t\t\t\t<span class=\"elementor-icon-list-icon\">\n\t\t\t\t\t\t\t<i aria-hidden=\"true\" class=\"fas fa-circle\"><\/i>\t\t\t\t\t\t<\/span>\n\t\t\t\t\t\t\t\t\t\t<span class=\"elementor-icon-list-text\">Caract\u00e9ristiques du jeu\u00a0:14<\/span>\n\t\t\t\t\t\t\t\t\t<\/li>\n\t\t\t\t\t\t\t\t<li class=\"elementor-icon-list-item\">\n\t\t\t\t\t\t\t\t\t\t\t<span class=\"elementor-icon-list-icon\">\n\t\t\t\t\t\t\t<i aria-hidden=\"true\" class=\"fas fa-circle\"><\/i>\t\t\t\t\t\t<\/span>\n\t\t\t\t\t\t\t\t\t\t<span class=\"elementor-icon-list-text\">Double tour\u00a0:\u00a016<\/span>\n\t\t\t\t\t\t\t\t\t<\/li>\n\t\t\t\t\t\t\t\t<li class=\"elementor-icon-list-item\">\n\t\t\t\t\t\t\t\t\t\t\t<span class=\"elementor-icon-list-icon\">\n\t\t\t\t\t\t\t<i aria-hidden=\"true\" class=\"fas fa-circle\"><\/i>\t\t\t\t\t\t<\/span>\n\t\t\t\t\t\t\t\t\t\t<span class=\"elementor-icon-list-text\">Emplacement mobile\u00a0:\u00a018<\/span>\n\t\t\t\t\t\t\t\t\t<\/li>\n\t\t\t\t\t\t<\/ul>\n\t\t\t\t\t\t<\/div>\n\t\t\t\t<\/div>\n\t\t\t\t\t<\/div>\n\t\t<\/div>\n\t\t\t\t<div class=\"elementor-column elementor-col-50 elementor-inner-column elementor-element elementor-element-3263356\" data-id=\"3263356\" data-element_type=\"column\">\n\t\t\t<div class=\"elementor-widget-wrap elementor-element-populated\">\n\t\t\t\t\t\t<div class=\"elementor-element elementor-element-cb68322 elementor-icon-list--layout-traditional elementor-list-item-link-full_width elementor-widget elementor-widget-icon-list\" data-id=\"cb68322\" data-element_type=\"widget\" data-widget_type=\"icon-list.default\">\n\t\t\t\t<div class=\"elementor-widget-container\">\n\t\t\t\t\t\t\t<ul class=\"elementor-icon-list-items\">\n\t\t\t\t\t\t\t<li class=\"elementor-icon-list-item\">\n\t\t\t\t\t\t\t\t\t\t\t<span class=\"elementor-icon-list-icon\">\n\t\t\t\t\t\t\t<i aria-hidden=\"true\" class=\"fas fa-circle\"><\/i>\t\t\t\t\t\t<\/span>\n\t\t\t\t\t\t\t\t\t\t<span class=\"elementor-icon-list-text\">Type de jeu\u00a0: Machines \u00e0 sous vid\u00e9o<\/span>\n\t\t\t\t\t\t\t\t\t<\/li>\n\t\t\t\t\t\t\t\t<li class=\"elementor-icon-list-item\">\n\t\t\t\t\t\t\t\t\t\t\t<span class=\"elementor-icon-list-icon\">\n\t\t\t\t\t\t\t<i aria-hidden=\"true\" class=\"fas fa-circle\"><\/i>\t\t\t\t\t\t<\/span>\n\t\t\t\t\t\t\t\t\t\t<span class=\"elementor-icon-list-text\"> R\u00f4les\u00a0:5<\/span>\n\t\t\t\t\t\t\t\t\t<\/li>\n\t\t\t\t\t\t\t\t<li class=\"elementor-icon-list-item\">\n\t\t\t\t\t\t\t\t\t\t\t<span class=\"elementor-icon-list-icon\">\n\t\t\t\t\t\t\t<i aria-hidden=\"true\" class=\"fas fa-circle\"><\/i>\t\t\t\t\t\t<\/span>\n\t\t\t\t\t\t\t\t\t\t<span class=\"elementor-icon-list-text\">Taille maximale de la pi\u00e8ce\u00a0:\u00a01<\/span>\n\t\t\t\t\t\t\t\t\t<\/li>\n\t\t\t\t\t\t\t\t<li class=\"elementor-icon-list-item\">\n\t\t\t\t\t\t\t\t\t\t\t<span class=\"elementor-icon-list-icon\">\n\t\t\t\t\t\t\t<i aria-hidden=\"true\" class=\"fas fa-circle\"><\/i>\t\t\t\t\t\t<\/span>\n\t\t\t\t\t\t\t\t\t\t<span class=\"elementor-icon-list-text\">RTP:96.1%<\/span>\n\t\t\t\t\t\t\t\t\t<\/li>\n\t\t\t\t\t\t\t\t<li class=\"elementor-icon-list-item\">\n\t\t\t\t\t\t\t\t\t\t\t<span class=\"elementor-icon-list-icon\">\n\t\t\t\t\t\t\t<i aria-hidden=\"true\" class=\"fas fa-circle\"><\/i>\t\t\t\t\t\t<\/span>\n\t\t\t\t\t\t\t\t\t\t<span class=\"elementor-icon-list-text\">Jeux :9<\/span>\n\t\t\t\t\t\t\t\t\t<\/li>\n\t\t\t\t\t\t\t\t<li class=\"elementor-icon-list-item\">\n\t\t\t\t\t\t\t\t\t\t\t<span class=\"elementor-icon-list-icon\">\n\t\t\t\t\t\t\t<i aria-hidden=\"true\" class=\"fas fa-circle\"><\/i>\t\t\t\t\t\t<\/span>\n\t\t\t\t\t\t\t\t\t\t<span class=\"elementor-icon-list-text\">Chat en direct\u00a0:11<\/span>\n\t\t\t\t\t\t\t\t\t<\/li>\n\t\t\t\t\t\t\t\t<li class=\"elementor-icon-list-item\">\n\t\t\t\t\t\t\t\t\t\t\t<span class=\"elementor-icon-list-icon\">\n\t\t\t\t\t\t\t<i aria-hidden=\"true\" class=\"fas fa-circle\"><\/i>\t\t\t\t\t\t<\/span>\n\t\t\t\t\t\t\t\t\t\t<span class=\"elementor-icon-list-text\">Lignes\u00a0:\u00a013<\/span>\n\t\t\t\t\t\t\t\t\t<\/li>\n\t\t\t\t\t\t\t\t<li class=\"elementor-icon-list-item\">\n\t\t\t\t\t\t\t\t\t\t\t<span class=\"elementor-icon-list-icon\">\n\t\t\t\t\t\t\t<i aria-hidden=\"true\" class=\"fas fa-circle\"><\/i>\t\t\t\t\t\t<\/span>\n\t\t\t\t\t\t\t\t\t\t<span class=\"elementor-icon-list-text\">Tour bonus\u00a0:\u00a015<\/span>\n\t\t\t\t\t\t\t\t\t<\/li>\n\t\t\t\t\t\t\t\t<li class=\"elementor-icon-list-item\">\n\t\t\t\t\t\t\t\t\t\t\t<span class=\"elementor-icon-list-icon\">\n\t\t\t\t\t\t\t<i aria-hidden=\"true\" class=\"fas fa-circle\"><\/i>\t\t\t\t\t\t<\/span>\n\t\t\t\t\t\t\t\t\t\t<span class=\"elementor-icon-list-text\">Th\u00e8mes de machines \u00e0 sous\u00a0:\u00a017<\/span>\n\t\t\t\t\t\t\t\t\t<\/li>\n\t\t\t\t\t\t<\/ul>\n\t\t\t\t\t\t<\/div>\n\t\t\t\t<\/div>\n\t\t\t\t\t<\/div>\n\t\t<\/div>\n\t\t\t\t\t<\/div>\n\t\t<\/section>\n\t\t\t\t<section class=\"elementor-section elementor-inner-section elementor-element elementor-element-570986a elementor-section-boxed elementor-section-height-default elementor-section-height-default\" data-id=\"570986a\" data-element_type=\"section\">\n\t\t\t\t\t\t<div class=\"elementor-container elementor-column-gap-default\">\n\t\t\t\t\t<div class=\"elementor-column elementor-col-100 elementor-inner-column elementor-element elementor-element-e7dba55\" data-id=\"e7dba55\" data-element_type=\"column\">\n\t\t\t<div class=\"elementor-widget-wrap elementor-element-populated\">\n\t\t\t\t\t\t<div class=\"elementor-element elementor-element-f952806 elementor-widget elementor-widget-text-editor\" data-id=\"f952806\" data-element_type=\"widget\" data-widget_type=\"text-editor.default\">\n\t\t\t\t<div class=\"elementor-widget-container\">\n\t\t\t\t\t\t\t\t\t<p>Starburst Ce n&#039;est pas comme les autres jeux. La revue des machines \u00e0 sous Starburst maintient parfaitement la simplicit\u00e9 et capture ce que devrait \u00eatre un jeu de machine \u00e0 sous. Il n&#039;y a pas de mini-jeux et ce n&#039;est pas en 3D. Mais les graphismes sont trop beaux pour que NetEnt puisse \u00e9pargner la moindre d\u00e9pense sur les d\u00e9tails.<\/p><p>Dans la machine \u00e0 sous Starburst, chaque gemme scintille lorsqu&#039;elle n&#039;est pas active. Et des \u00e9toiles jaune vif peuvent \u00eatre vues en arri\u00e8re-plan.<\/p><h2 class=\"SxMNj2-zZqR\">Tours gratuits Starburst sans d\u00e9p\u00f4t\u00a0: comment jouer \u00e0 ce jeu \u00e9blouissant<\/h2><p>Notre machine \u00e0 sous Starburst avec tours gratuits sans d\u00e9p\u00f4t est peut-\u00eatre pleine de joyaux chatoyants et glamour \u00e0 l&#039;ext\u00e9rieur, mais le jeu est tout sauf complexe. En fait, c\u2019est l\u2019un des jeux les plus faciles \u00e0 utiliser. Le bouton est situ\u00e9 en bas au centre de la console, vous ne pouvez pas le manquer !<\/p><p>Avec des boutons qui vous permettent de s\u00e9lectionner la valeur de vos pi\u00e8ces de 0,01 \u00e0 1,00 et dix niveaux de mise diff\u00e9rents, vous avez \u00e0 tout moment un contr\u00f4le total sur votre mise. Par exemple, si vous choisissez le niveau 4 avec une valeur de pi\u00e8ce de 0,01, votre mise sera de 0,40 \u00a3.<\/p><p>Voulez-vous placer la mise maximale sur un tour ? C&#039;est aussi simple, cliquez simplement sur le bouton Max Bet et votre mise sera augment\u00e9e jusqu&#039;au niveau 10. En fonction de la valeur de votre pi\u00e8ce, votre mise peut \u00eatre de 1 \u00a3, 2 \u00a3, 5 \u00a3, 10 \u00a3, 20 \u00a3, 50 \u00a3 ou la mise maximale de 100 \u00a3 pour un tour.<\/p><p>Dans le Starburst gratuit, vous disposez \u00e9galement d&#039;une fonction de lecture automatique, ce qui signifie que vous n&#039;avez pas besoin de cliquer constamment pour d\u00e9penser votre budget. Choisissez entre le minimum de 10 et le maximum de 1 000 tours, avec des options vous permettant \u00e9galement d&#039;arr\u00eater la lecture automatique.<\/p><p>Voulez-vous arr\u00eater la lecture automatique lorsque vous gagnez\u00a0? C\u2019est ce que vous pouvez faire, ainsi que de nombreuses autres options de r\u00e9glage.<\/p><p>D\u00e9crocher un joker gratuit Starburst sur les rouleaux 2, 3 ou 4 ? Ils remplacent ensuite les symboles restants de cette bobine, d\u00e9clenchant un nouveau tour et multipliant les gains ! Starburst Wild peut faire tourner la bobine un maximum de trois fois si vous obtenez un joker suppl\u00e9mentaire sur la bobine.<\/p><h2 class=\"SxMNj2-zZqR\">Tours gratuits Starburst sans d\u00e9p\u00f4t\u00a0: pariez pour gagner<\/h2><p>Aucun examen s\u00e9rieux des machines \u00e0 sous Starburst ne serait complet sans quelques informations sur les paris que vous pouvez placer. Vous pouvez choisir parmi jusqu&#039;\u00e0 10 niveaux de pari, quelle que soit la d\u00e9nomination de la pi\u00e8ce que vous utilisez pour parier.<\/p><p>Chaque tour gratuit Starburst sans d\u00e9p\u00f4t offre un jackpot allant jusqu&#039;\u00e0 5 000 pi\u00e8ces, avec la gamme de paris Starburst commen\u00e7ant \u00e0 0,01 % avec une mise maximale de 1 %. Avec un RTP de 96,1 %, il y a de fortes chances que vous en obteniez une partie, mais pas la totalit\u00e9.<\/p><p>Plus il y a de lignes s\u00e9lectionn\u00e9es pour chaque jeu, plus vos chances d&#039;obtenir des combinaisons gagnantes pendant le jeu sont \u00e9lev\u00e9es, mais \u00e9galement votre mise \u00e0 chaque tour est plus \u00e9lev\u00e9e. Alors choisissez bien votre strat\u00e9gie !<\/p><h2 class=\"SxMNj2-zZqR\">Machine \u00e0 sous Starburst\u00a0: fonctionnalit\u00e9s bonus et bien plus encore<\/h2><p>Comme mentionn\u00e9 dans de nombreuses critiques gratuites de Starburst, le jeu poss\u00e8de de nombreuses fonctionnalit\u00e9s bonus et nous avons vite constat\u00e9 que celles-ci sont plus que suffisantes pour ajouter un avantage passionnant \u00e0 l&#039;exp\u00e9rience de jeu.<\/p><p>Trois symboles wild ou plus apparaissent sur les machines \u00e0 sous, vous permettant de gagner. Cela garantit que 2 jokers avanc\u00e9s apparaissent sur les rouleaux lorsque vous jouez gratuitement \u00e0 Starburst, augmentant ainsi vos chances de gagner le jackpot.<\/p><h2 class=\"SxMNj2-zZqR\">Starburst gratuit\u00a0: Starburst Wilds pour un maximum de joie<\/h2><p>La collecte d&#039;un ou plusieurs Starburst Wilds n&#039;importe o\u00f9 sur les rouleaux 2 \u00e0 4 d\u00e9clenche le jeu de machine \u00e0 sous Starburst.<\/p><p>Ces symboles joker s&#039;\u00e9tendent ensuite pour couvrir l&#039;int\u00e9gralit\u00e9 du rouleau et restent en place lorsque les autres rouleaux tournent \u00e0 nouveau.<\/p><p>Si un nouveau symbole Starburst Wild appara\u00eet pendant une nouvelle rotation, il s&#039;agrandira et restera en place avec tous les jokers pr\u00e9c\u00e9demment \u00e9tendus pour une autre relance.<\/p><p>Cette fonctionnalit\u00e9 se termine lorsqu&#039;aucun symbole joker n&#039;appara\u00eet lors d&#039;un autre tour.<\/p><p>Deux symboles joker suppl\u00e9mentaires peuvent appara\u00eetre apr\u00e8s qu&#039;un joker Starburst d\u00e9clenche une relance, permettant \u00e0 chaque symbole joker d&#039;autoriser une relance suppl\u00e9mentaire pour un maximum de trois relances.<\/p><p>Les relances sont jou\u00e9es avec la m\u00eame taille de pi\u00e8ce que celle utilis\u00e9e pour le tour de d\u00e9clenchement.<\/p><h2 class=\"SxMNj2-zZqR\">Starburst Free\u00a0: jouez en d\u00e9placement sur Android et iPhone<\/h2><p>Starburst est certainement l&#039;un des meilleurs jeux \u00e0 jouer sur les t\u00e9l\u00e9phones mobiles, car la machine \u00e0 sous est similaire \u00e0 bien des \u00e9gards aux jeux d&#039;arcade classiques comme Bejeweled.<\/p><p>Le jeu n&#039;offre pas non plus trop de tours de bonus complexes, ce qui fait de Starburst mobile un jeu id\u00e9al pour votre t\u00e9l\u00e9phone Android ou iPhone.<\/p><p>Alternativement, les joueurs peuvent t\u00e9l\u00e9charger la machine \u00e0 sous Starburst pour rendre le jeu encore plus fluide.<\/p>\t\t\t\t\t\t\t\t<\/div>\n\t\t\t\t<\/div>\n\t\t\t\t\t<\/div>\n\t\t<\/div>\n\t\t\t\t\t<\/div>\n\t\t<\/section>\n\t\t\t\t\t<\/div>\n\t\t<\/div>\n\t\t\t\t\t<\/div>\n\t\t<\/section>\n\t\t\t\t<\/div>","protected":false},"excerpt":{"rendered":"<p>Machine \u00e0 sous Starburst : une machine \u00e0 sous pas comme les autres logiciels :Lignes de paiement NetEnt :10 Taille minimale des pi\u00e8ces : :0,01 Jackpot :250 Lancement :1er mars 2014 Bonus quotidiens :10 Tours gratuits :12 Caract\u00e9ristiques du jeu :14 Double tour :16 Machine \u00e0 sous mobile :18 Type de jeu : Machines \u00e0 sous vid\u00e9o Bobines :5 Taille maximale des pi\u00e8ces :1 Rtp :96.1% Jeux :9 Chat en direct :11 Lignes :13 Tour bonus :15 Th\u00e8mes de machines \u00e0 sous :17 [\u2026]<\/p>","protected":false},"author":1,"featured_media":0,"parent":0,"menu_order":0,"comment_status":"closed","ping_status":"closed","template":"elementor_header_footer","meta":{"footnotes":""},"class_list":["post-523","page","type-page","status-publish","hentry"],"yoast_head":"<!-- This site is optimized with the Yoast SEO plugin v26.8 - https:\/\/yoast.com\/product\/yoast-seo-wordpress\/ -->\n<title>Starburst Slot - Spielenohneeinzahlung.de<\/title>\n<meta name=\"robots\" content=\"index, follow, max-snippet:-1, max-image-preview:large, max-video-preview:-1\" \/>\n<link rel=\"canonical\" href=\"https:\/\/spielenohneeinzahlung.de\/fr\/starburst-slot\/\" \/>\n<meta property=\"og:locale\" content=\"fr_FR\" \/>\n<meta property=\"og:type\" content=\"article\" \/>\n<meta property=\"og:title\" content=\"Starburst Slot - Spielenohneeinzahlung.de\" \/>\n<meta property=\"og:description\" content=\"Starburst Slot: Ein Spielautomat Wie Kein Anderer Software :NetEnt Gewinnlinien :10 Min. M\u00fcnzengr\u00f6\u00dfe: :0.01 Jackpot :250 Starten :M\u00e4rz 1, 2014 Daily Bonuses :10 Freispiele :12 Spielfunktionen :14 Double Round :16 Mobile Slot :18 Spiel Typ :Video Slots Rollen :5 Maximale M\u00fcnzengr\u00f6\u00dfe :1 Rtp :96.1% Spiele :9 Live Chat :11 Lines :13 Bonusrunde :15 Slot-Themen :17 [&hellip;]\" \/>\n<meta property=\"og:url\" content=\"https:\/\/spielenohneeinzahlung.de\/fr\/starburst-slot\/\" \/>\n<meta property=\"og:site_name\" content=\"Spielenohneeinzahlung.de\" \/>\n<meta property=\"article:modified_time\" content=\"2023-09-04T21:14:40+00:00\" \/>\n<meta name=\"twitter:card\" content=\"summary_large_image\" \/>\n<meta name=\"twitter:label1\" content=\"Dur\u00e9e de lecture estim\u00e9e\" \/>\n\t<meta name=\"twitter:data1\" content=\"4 minutes\" \/>\n<script type=\"application\/ld+json\" class=\"yoast-schema-graph\">{\"@context\":\"https:\/\/schema.org\",\"@graph\":[{\"@type\":\"WebPage\",\"@id\":\"https:\/\/spielenohneeinzahlung.de\/starburst-slot\/\",\"url\":\"https:\/\/spielenohneeinzahlung.de\/starburst-slot\/\",\"name\":\"Starburst Slot - Spielenohneeinzahlung.de\",\"isPartOf\":{\"@id\":\"https:\/\/spielenohneeinzahlung.de\/#website\"},\"datePublished\":\"2023-09-04T21:02:56+00:00\",\"dateModified\":\"2023-09-04T21:14:40+00:00\",\"breadcrumb\":{\"@id\":\"https:\/\/spielenohneeinzahlung.de\/starburst-slot\/#breadcrumb\"},\"inLanguage\":\"fr-FR\",\"potentialAction\":[{\"@type\":\"ReadAction\",\"target\":[\"https:\/\/spielenohneeinzahlung.de\/starburst-slot\/\"]}]},{\"@type\":\"BreadcrumbList\",\"@id\":\"https:\/\/spielenohneeinzahlung.de\/starburst-slot\/#breadcrumb\",\"itemListElement\":[{\"@type\":\"ListItem\",\"position\":1,\"name\":\"Home\",\"item\":\"https:\/\/spielenohneeinzahlung.de\/\"},{\"@type\":\"ListItem\",\"position\":2,\"name\":\"Starburst Slot\"}]},{\"@type\":\"WebSite\",\"@id\":\"https:\/\/spielenohneeinzahlung.de\/#website\",\"url\":\"https:\/\/spielenohneeinzahlung.de\/\",\"name\":\"Spielenohneeinzahlung.de\",\"description\":\"Bonusangebote in deutschen Spielcasinos!\",\"publisher\":{\"@id\":\"https:\/\/spielenohneeinzahlung.de\/#organization\"},\"potentialAction\":[{\"@type\":\"SearchAction\",\"target\":{\"@type\":\"EntryPoint\",\"urlTemplate\":\"https:\/\/spielenohneeinzahlung.de\/?s={search_term_string}\"},\"query-input\":{\"@type\":\"PropertyValueSpecification\",\"valueRequired\":true,\"valueName\":\"search_term_string\"}}],\"inLanguage\":\"fr-FR\"},{\"@type\":\"Organization\",\"@id\":\"https:\/\/spielenohneeinzahlung.de\/#organization\",\"name\":\"Spielenohneeinzahlung.de\",\"url\":\"https:\/\/spielenohneeinzahlung.de\/\",\"logo\":{\"@type\":\"ImageObject\",\"inLanguage\":\"fr-FR\",\"@id\":\"https:\/\/spielenohneeinzahlung.de\/#\/schema\/logo\/image\/\",\"url\":\"https:\/\/spielenohneeinzahlung.de\/wp-content\/uploads\/2023\/08\/logo.png.webp\",\"contentUrl\":\"https:\/\/spielenohneeinzahlung.de\/wp-content\/uploads\/2023\/08\/logo.png.webp\",\"width\":211,\"height\":42,\"caption\":\"Spielenohneeinzahlung.de\"},\"image\":{\"@id\":\"https:\/\/spielenohneeinzahlung.de\/#\/schema\/logo\/image\/\"}}]}<\/script>\n<!-- \/ Yoast SEO plugin. -->","yoast_head_json":{"title":"Starburst Slot - Spielenohneeinzahlung.de","robots":{"index":"index","follow":"follow","max-snippet":"max-snippet:-1","max-image-preview":"max-image-preview:large","max-video-preview":"max-video-preview:-1"},"canonical":"https:\/\/spielenohneeinzahlung.de\/fr\/starburst-slot\/","og_locale":"fr_FR","og_type":"article","og_title":"Starburst Slot - Spielenohneeinzahlung.de","og_description":"Starburst Slot: Ein Spielautomat Wie Kein Anderer Software :NetEnt Gewinnlinien :10 Min. M\u00fcnzengr\u00f6\u00dfe: :0.01 Jackpot :250 Starten :M\u00e4rz 1, 2014 Daily Bonuses :10 Freispiele :12 Spielfunktionen :14 Double Round :16 Mobile Slot :18 Spiel Typ :Video Slots Rollen :5 Maximale M\u00fcnzengr\u00f6\u00dfe :1 Rtp :96.1% Spiele :9 Live Chat :11 Lines :13 Bonusrunde :15 Slot-Themen :17 [&hellip;]","og_url":"https:\/\/spielenohneeinzahlung.de\/fr\/starburst-slot\/","og_site_name":"Spielenohneeinzahlung.de","article_modified_time":"2023-09-04T21:14:40+00:00","twitter_card":"summary_large_image","twitter_misc":{"Dur\u00e9e de lecture estim\u00e9e":"4 minutes"},"schema":{"@context":"https:\/\/schema.org","@graph":[{"@type":"WebPage","@id":"https:\/\/spielenohneeinzahlung.de\/starburst-slot\/","url":"https:\/\/spielenohneeinzahlung.de\/starburst-slot\/","name":"Starburst Slot - Spielenohneeinzahlung.de","isPartOf":{"@id":"https:\/\/spielenohneeinzahlung.de\/#website"},"datePublished":"2023-09-04T21:02:56+00:00","dateModified":"2023-09-04T21:14:40+00:00","breadcrumb":{"@id":"https:\/\/spielenohneeinzahlung.de\/starburst-slot\/#breadcrumb"},"inLanguage":"fr-FR","potentialAction":[{"@type":"ReadAction","target":["https:\/\/spielenohneeinzahlung.de\/starburst-slot\/"]}]},{"@type":"BreadcrumbList","@id":"https:\/\/spielenohneeinzahlung.de\/starburst-slot\/#breadcrumb","itemListElement":[{"@type":"ListItem","position":1,"name":"Home","item":"https:\/\/spielenohneeinzahlung.de\/"},{"@type":"ListItem","position":2,"name":"Starburst Slot"}]},{"@type":"WebSite","@id":"https:\/\/spielenohneeinzahlung.de\/#website","url":"https:\/\/spielenohneeinzahlung.de\/","name":"Jouez sans d\u00e9p\u00f4t.de","description":"Offres de bonus dans les casinos allemands !","publisher":{"@id":"https:\/\/spielenohneeinzahlung.de\/#organization"},"potentialAction":[{"@type":"SearchAction","target":{"@type":"EntryPoint","urlTemplate":"https:\/\/spielenohneeinzahlung.de\/?s={search_term_string}"},"query-input":{"@type":"PropertyValueSpecification","valueRequired":true,"valueName":"search_term_string"}}],"inLanguage":"fr-FR"},{"@type":"Organization","@id":"https:\/\/spielenohneeinzahlung.de\/#organization","name":"Jouez sans d\u00e9p\u00f4t.de","url":"https:\/\/spielenohneeinzahlung.de\/","logo":{"@type":"ImageObject","inLanguage":"fr-FR","@id":"https:\/\/spielenohneeinzahlung.de\/#\/schema\/logo\/image\/","url":"https:\/\/spielenohneeinzahlung.de\/wp-content\/uploads\/2023\/08\/logo.png.webp","contentUrl":"https:\/\/spielenohneeinzahlung.de\/wp-content\/uploads\/2023\/08\/logo.png.webp","width":211,"height":42,"caption":"Spielenohneeinzahlung.de"},"image":{"@id":"https:\/\/spielenohneeinzahlung.de\/#\/schema\/logo\/image\/"}}]}},"_links":{"self":[{"href":"https:\/\/spielenohneeinzahlung.de\/fr\/wp-json\/wp\/v2\/pages\/523","targetHints":{"allow":["GET"]}}],"collection":[{"href":"https:\/\/spielenohneeinzahlung.de\/fr\/wp-json\/wp\/v2\/pages"}],"about":[{"href":"https:\/\/spielenohneeinzahlung.de\/fr\/wp-json\/wp\/v2\/types\/page"}],"author":[{"embeddable":true,"href":"https:\/\/spielenohneeinzahlung.de\/fr\/wp-json\/wp\/v2\/users\/1"}],"replies":[{"embeddable":true,"href":"https:\/\/spielenohneeinzahlung.de\/fr\/wp-json\/wp\/v2\/comments?post=523"}],"version-history":[{"count":10,"href":"https:\/\/spielenohneeinzahlung.de\/fr\/wp-json\/wp\/v2\/pages\/523\/revisions"}],"predecessor-version":[{"id":533,"href":"https:\/\/spielenohneeinzahlung.de\/fr\/wp-json\/wp\/v2\/pages\/523\/revisions\/533"}],"wp:attachment":[{"href":"https:\/\/spielenohneeinzahlung.de\/fr\/wp-json\/wp\/v2\/media?parent=523"}],"curies":[{"name":"wp","href":"https:\/\/api.w.org\/{rel}","templated":true}]}}